{"id":1610,"date":"2025-04-17T13:33:11","date_gmt":"2025-04-17T13:33:11","guid":{"rendered":"https:\/\/agriproafrica.net\/?page_id=1610"},"modified":"2025-04-17T14:17:11","modified_gmt":"2025-04-17T14:17:11","slug":"commercial","status":"publish","type":"page","link":"https:\/\/agriproafrica.net\/en\/commercial\/","title":{"rendered":"Sales"},"content":{"rendered":"<div data-elementor-type=\"wp-page\" data-elementor-id=\"1610\" class=\"elementor elementor-1610\">\n\t\t\t\t<div class=\"elementor-element elementor-element-7d2dc23 e-flex e-con-boxed e-con e-parent\" data-id=\"7d2dc23\" data-element_type=\"container\" data-e-type=\"container\" data-settings=\"{&quot;background_background&quot;:&quot;classic&quot;}\">\n\t\t\t\t\t<div class=\"e-con-inner\">\n\t\t\t\t<div class=\"elementor-element elementor-element-336fcde elementor-widget elementor-widget-heading\" data-id=\"336fcde\" data-element_type=\"widget\" data-e-type=\"widget\" data-widget_type=\"heading.default\">\n\t\t\t\t<div class=\"elementor-widget-container\">\n\t\t\t\t\t<h2 class=\"elementor-heading-title elementor-size-default\">Sales<\/h2>\t\t\t\t<\/div>\n\t\t\t\t<\/div>\n\t\t\t\t<div class=\"elementor-element elementor-element-2ccba69 elementor-widget elementor-widget-text-editor\" data-id=\"2ccba69\" data-element_type=\"widget\" data-e-type=\"widget\" data-widget_type=\"text-editor.default\">\n\t\t\t\t<div class=\"elementor-widget-container\">\n\t\t\t\t\t\t\t\t\tYour Partner for Success\t\t\t\t\t\t\t\t<\/div>\n\t\t\t\t<\/div>\n\t\t\t\t\t<\/div>\n\t\t\t\t<\/div>\n\t\t<div class=\"elementor-element elementor-element-9d9d941 e-flex e-con-boxed e-con e-parent\" data-id=\"9d9d941\" data-element_type=\"container\" data-e-type=\"container\">\n\t\t\t\t\t<div class=\"e-con-inner\">\n\t\t\t\t<div class=\"elementor-element elementor-element-030d750 elementor-widget elementor-widget-spacer\" data-id=\"030d750\" data-element_type=\"widget\" data-e-type=\"widget\" data-widget_type=\"spacer.default\">\n\t\t\t\t<div class=\"elementor-widget-container\">\n\t\t\t\t\t\t\t<div class=\"elementor-spacer\">\n\t\t\t<div class=\"elementor-spacer-inner\"><\/div>\n\t\t<\/div>\n\t\t\t\t\t\t<\/div>\n\t\t\t\t<\/div>\n\t\t\t\t\t<\/div>\n\t\t\t\t<\/div>\n\t\t<div class=\"elementor-element elementor-element-60e5e87 e-flex e-con-boxed e-con e-parent\" data-id=\"60e5e87\" data-element_type=\"container\" data-e-type=\"container\" data-settings=\"{&quot;background_background&quot;:&quot;classic&quot;}\">\n\t\t\t\t\t<div class=\"e-con-inner\">\n\t\t<div class=\"elementor-element elementor-element-9a9515f e-con-full elementor-hidden-mobile e-flex e-con e-child\" data-id=\"9a9515f\" data-element_type=\"container\" data-e-type=\"container\" data-settings=\"{&quot;background_background&quot;:&quot;classic&quot;}\">\n\t\t\t\t<div class=\"elementor-element elementor-element-e625b03 elementor-widget-mobile__width-initial elementor-widget elementor-widget-image\" data-id=\"e625b03\" data-element_type=\"widget\" data-e-type=\"widget\" data-widget_type=\"image.default\">\n\t\t\t\t<div class=\"elementor-widget-container\">\n\t\t\t\t\t\t\t\t\t\t\t\t\t\t\t<img decoding=\"async\" width=\"280\" height=\"144\" src=\"https:\/\/agriproafrica.net\/wp-content\/uploads\/2024\/07\/Logo-agripro-116x60.png\" class=\"attachment-large size-large wp-image-402\" alt=\"\" srcset=\"https:\/\/agriproafrica.net\/wp-content\/uploads\/2024\/07\/Logo-agripro.png 280w, https:\/\/agriproafrica.net\/wp-content\/uploads\/2024\/07\/Logo-agripro-18x9.png 18w, https:\/\/agriproafrica.net\/wp-content\/uploads\/2024\/07\/Logo-agripro-116x60.png 116w\" sizes=\"(max-width: 280px) 100vw, 280px\" \/>\t\t\t\t\t\t\t\t\t\t\t\t\t\t\t<\/div>\n\t\t\t\t<\/div>\n\t\t\t\t<\/div>\n\t\t<div class=\"elementor-element elementor-element-2d12a8a e-con-full e-flex e-con e-child\" data-id=\"2d12a8a\" data-element_type=\"container\" data-e-type=\"container\">\n\t\t\t\t<div class=\"elementor-element elementor-element-4639473 elementor-widget elementor-widget-text-editor\" data-id=\"4639473\" data-element_type=\"widget\" data-e-type=\"widget\" data-widget_type=\"text-editor.default\">\n\t\t\t\t<div class=\"elementor-widget-container\">\n\t\t\t\t\t\t\t\t\t<p>We have designed commercial solutions tailored for the agricultural sector, adapted to your real needs. Whether you are a farmer, distributor, or a key player in the supply chain, we are here to help you improve your productivity.<\/p>\n<p>We have a large stock of original spare parts to ensure continuous production, as well as agricultural accessories and inputs to boost your productivity. We also provide you with the appropriate advice and training for using your equipment.<\/p>\t\t\t\t\t\t\t\t<\/div>\n\t\t\t\t<\/div>\n\t\t\t\t<div class=\"elementor-element elementor-element-61cf0f1 elementor-widget elementor-widget-button\" data-id=\"61cf0f1\" data-element_type=\"widget\" data-e-type=\"widget\" data-widget_type=\"button.default\">\n\t\t\t\t<div class=\"elementor-widget-container\">\n\t\t\t\t\t\t\t\t\t<div class=\"elementor-button-wrapper\">\n\t\t\t\t\t<a class=\"elementor-button elementor-button-link elementor-size-sm\" href=\"https:\/\/agriproafrica.net\/en\/contact\/\">\n\t\t\t\t\t\t<span class=\"elementor-button-content-wrapper\">\n\t\t\t\t\t\t\t\t\t<span class=\"elementor-button-text\">Contact Us<\/span>\n\t\t\t\t\t<\/span>\n\t\t\t\t\t<\/a>\n\t\t\t\t<\/div>\n\t\t\t\t\t\t\t\t<\/div>\n\t\t\t\t<\/div>\n\t\t\t\t<\/div>\n\t\t\t\t\t<\/div>\n\t\t\t\t<\/div>\n\t\t<div class=\"elementor-element elementor-element-8d1937c e-flex e-con-boxed e-con e-parent\" data-id=\"8d1937c\" data-element_type=\"container\" data-e-type=\"container\">\n\t\t\t\t\t<div class=\"e-con-inner\">\n\t\t\t\t<div class=\"elementor-element elementor-element-6ec8bb1 elementor-widget elementor-widget-spacer\" data-id=\"6ec8bb1\" data-element_type=\"widget\" data-e-type=\"widget\" data-widget_type=\"spacer.default\">\n\t\t\t\t<div class=\"elementor-widget-container\">\n\t\t\t\t\t\t\t<div class=\"elementor-spacer\">\n\t\t\t<div class=\"elementor-spacer-inner\"><\/div>\n\t\t<\/div>\n\t\t\t\t\t\t<\/div>\n\t\t\t\t<\/div>\n\t\t\t\t\t<\/div>\n\t\t\t\t<\/div>\n\t\t\t\t<\/div>","protected":false},"excerpt":{"rendered":"<p>Commercial Votre Partenaire pour la R\u00e9ussite Nous avons con\u00e7u des solutions commerciales pens\u00e9es pour le secteur agricole,adapt\u00e9es \u00e0 vos besoins [&hellip;]<\/p>","protected":false},"author":1,"featured_media":65,"parent":0,"menu_order":0,"comment_status":"closed","ping_status":"closed","template":"","meta":{"site-sidebar-layout":"no-sidebar","site-content-layout":"","ast-site-content-layout":"full-width-container","site-content-style":"default","site-sidebar-style":"default","ast-global-header-display":"","ast-banner-title-visibility":"","ast-main-header-display":"","ast-hfb-above-header-display":"","ast-hfb-below-header-display":"","ast-hfb-mobile-header-display":"","site-post-title":"disabled","ast-breadcrumbs-content":"","ast-featured-img":"disabled","footer-sml-layout":"","ast-disable-related-posts":"","theme-transparent-header-meta":"","adv-header-id-meta":"","stick-header-meta":"","header-above-stick-meta":"","header-main-stick-meta":"","header-below-stick-meta":"","astra-migrate-meta-layouts":"default","ast-page-background-enabled":"default","ast-page-background-meta":{"desktop":{"background-color":"var(--ast-global-color-4)","background-image":"","background-repeat":"repeat","background-position":"center center","background-size":"auto","background-attachment":"scroll","background-type":"","background-media":"","overlay-type":"","overlay-color":"","overlay-opacity":"","overlay-gradient":""},"tablet":{"background-color":"","background-image":"","background-repeat":"repeat","background-position":"center center","background-size":"auto","background-attachment":"scroll","background-type":"","background-media":"","overlay-type":"","overlay-color":"","overlay-opacity":"","overlay-gradient":""},"mobile":{"background-color":"","background-image":"","background-repeat":"repeat","background-position":"center center","background-size":"auto","background-attachment":"scroll","background-type":"","background-media":"","overlay-type":"","overlay-color":"","overlay-opacity":"","overlay-gradient":""}},"ast-content-background-meta":{"desktop":{"background-color":"var(--ast-global-color-5)","background-image":"","background-repeat":"repeat","background-position":"center center","background-size":"auto","background-attachment":"scroll","background-type":"","background-media":"","overlay-type":"","overlay-color":"","overlay-opacity":"","overlay-gradient":""},"tablet":{"background-color":"var(--ast-global-color-5)","background-image":"","background-repeat":"repeat","background-position":"center center","background-size":"auto","background-attachment":"scroll","background-type":"","background-media":"","overlay-type":"","overlay-color":"","overlay-opacity":"","overlay-gradient":""},"mobile":{"background-color":"var(--ast-global-color-5)","background-image":"","background-repeat":"repeat","background-position":"center center","background-size":"auto","background-attachment":"scroll","background-type":"","background-media":"","overlay-type":"","overlay-color":"","overlay-opacity":"","overlay-gradient":""}},"footnotes":""},"class_list":["post-1610","page","type-page","status-publish","has-post-thumbnail","hentry"],"yoast_head":"<!-- This site is optimized with the Yoast SEO plugin v27.4 - https:\/\/yoast.com\/product\/yoast-seo-wordpress\/ -->\n<title>Commercial - AGRIPRO<\/title>\n<meta name=\"robots\" content=\"index, follow, max-snippet:-1, max-image-preview:large, max-video-preview:-1\" \/>\n<link rel=\"canonical\" href=\"https:\/\/agriproafrica.net\/en\/commercial\/\" \/>\n<meta property=\"og:locale\" content=\"en_US\" \/>\n<meta property=\"og:type\" content=\"article\" \/>\n<meta property=\"og:title\" content=\"Commercial - AGRIPRO\" \/>\n<meta property=\"og:description\" content=\"Commercial Votre Partenaire pour la R\u00e9ussite Nous avons con\u00e7u des solutions commerciales pens\u00e9es pour le secteur agricole,adapt\u00e9es \u00e0 vos besoins [&hellip;]\" \/>\n<meta property=\"og:url\" content=\"https:\/\/agriproafrica.net\/en\/commercial\/\" \/>\n<meta property=\"og:site_name\" content=\"AGRIPRO\" \/>\n<meta property=\"article:publisher\" content=\"http:\/\/facebook.com\/AgriproAfrica\" \/>\n<meta property=\"article:modified_time\" content=\"2025-04-17T14:17:11+00:00\" \/>\n<meta property=\"og:image\" content=\"https:\/\/agriproafrica.net\/wp-content\/uploads\/2024\/06\/agripro1.jpg\" \/>\n\t<meta property=\"og:image:width\" content=\"980\" \/>\n\t<meta property=\"og:image:height\" content=\"462\" \/>\n\t<meta property=\"og:image:type\" content=\"image\/jpeg\" \/>\n<meta name=\"twitter:card\" content=\"summary_large_image\" \/>\n<meta name=\"twitter:site\" content=\"@Agripro_Africa\" \/>\n<script type=\"application\/ld+json\" class=\"yoast-schema-graph\">{\"@context\":\"https:\\\/\\\/schema.org\",\"@graph\":[{\"@type\":\"WebPage\",\"@id\":\"https:\\\/\\\/agriproafrica.net\\\/commercial\\\/\",\"url\":\"https:\\\/\\\/agriproafrica.net\\\/commercial\\\/\",\"name\":\"Commercial - AGRIPRO\",\"isPartOf\":{\"@id\":\"https:\\\/\\\/agriproafrica.net\\\/fr_fr\\\/#website\"},\"primaryImageOfPage\":{\"@id\":\"https:\\\/\\\/agriproafrica.net\\\/commercial\\\/#primaryimage\"},\"image\":{\"@id\":\"https:\\\/\\\/agriproafrica.net\\\/commercial\\\/#primaryimage\"},\"thumbnailUrl\":\"https:\\\/\\\/agriproafrica.net\\\/wp-content\\\/uploads\\\/2024\\\/06\\\/agripro1.jpg\",\"datePublished\":\"2025-04-17T13:33:11+00:00\",\"dateModified\":\"2025-04-17T14:17:11+00:00\",\"breadcrumb\":{\"@id\":\"https:\\\/\\\/agriproafrica.net\\\/commercial\\\/#breadcrumb\"},\"inLanguage\":\"en-US\",\"potentialAction\":[{\"@type\":\"ReadAction\",\"target\":[\"https:\\\/\\\/agriproafrica.net\\\/commercial\\\/\"]}]},{\"@type\":\"ImageObject\",\"inLanguage\":\"en-US\",\"@id\":\"https:\\\/\\\/agriproafrica.net\\\/commercial\\\/#primaryimage\",\"url\":\"https:\\\/\\\/agriproafrica.net\\\/wp-content\\\/uploads\\\/2024\\\/06\\\/agripro1.jpg\",\"contentUrl\":\"https:\\\/\\\/agriproafrica.net\\\/wp-content\\\/uploads\\\/2024\\\/06\\\/agripro1.jpg\",\"width\":980,\"height\":462},{\"@type\":\"BreadcrumbList\",\"@id\":\"https:\\\/\\\/agriproafrica.net\\\/commercial\\\/#breadcrumb\",\"itemListElement\":[{\"@type\":\"ListItem\",\"position\":1,\"name\":\"Accueil\",\"item\":\"https:\\\/\\\/agriproafrica.net\\\/\"},{\"@type\":\"ListItem\",\"position\":2,\"name\":\"Commercial\"}]},{\"@type\":\"WebSite\",\"@id\":\"https:\\\/\\\/agriproafrica.net\\\/fr_fr\\\/#website\",\"url\":\"https:\\\/\\\/agriproafrica.net\\\/fr_fr\\\/\",\"name\":\"AGRIPRO\",\"description\":\"\",\"publisher\":{\"@id\":\"https:\\\/\\\/agriproafrica.net\\\/fr_fr\\\/#organization\"},\"potentialAction\":[{\"@type\":\"SearchAction\",\"target\":{\"@type\":\"EntryPoint\",\"urlTemplate\":\"https:\\\/\\\/agriproafrica.net\\\/fr_fr\\\/?s={search_term_string}\"},\"query-input\":{\"@type\":\"PropertyValueSpecification\",\"valueRequired\":true,\"valueName\":\"search_term_string\"}}],\"inLanguage\":\"en-US\"},{\"@type\":\"Organization\",\"@id\":\"https:\\\/\\\/agriproafrica.net\\\/fr_fr\\\/#organization\",\"name\":\"AGRIPRO\",\"url\":\"https:\\\/\\\/agriproafrica.net\\\/fr_fr\\\/\",\"logo\":{\"@type\":\"ImageObject\",\"inLanguage\":\"en-US\",\"@id\":\"https:\\\/\\\/agriproafrica.net\\\/fr_fr\\\/#\\\/schema\\\/logo\\\/image\\\/\",\"url\":\"https:\\\/\\\/agriproafrica.net\\\/wp-content\\\/uploads\\\/2024\\\/07\\\/Logo-agripro.png\",\"contentUrl\":\"https:\\\/\\\/agriproafrica.net\\\/wp-content\\\/uploads\\\/2024\\\/07\\\/Logo-agripro.png\",\"width\":280,\"height\":144,\"caption\":\"AGRIPRO\"},\"image\":{\"@id\":\"https:\\\/\\\/agriproafrica.net\\\/fr_fr\\\/#\\\/schema\\\/logo\\\/image\\\/\"},\"sameAs\":[\"http:\\\/\\\/facebook.com\\\/AgriproAfrica\",\"https:\\\/\\\/x.com\\\/Agripro_Africa\"]}]}<\/script>\n<!-- \/ Yoast SEO plugin. -->","yoast_head_json":{"title":"Commercial - AGRIPRO","robots":{"index":"index","follow":"follow","max-snippet":"max-snippet:-1","max-image-preview":"max-image-preview:large","max-video-preview":"max-video-preview:-1"},"canonical":"https:\/\/agriproafrica.net\/en\/commercial\/","og_locale":"en_US","og_type":"article","og_title":"Commercial - AGRIPRO","og_description":"Commercial Votre Partenaire pour la R\u00e9ussite Nous avons con\u00e7u des solutions commerciales pens\u00e9es pour le secteur agricole,adapt\u00e9es \u00e0 vos besoins [&hellip;]","og_url":"https:\/\/agriproafrica.net\/en\/commercial\/","og_site_name":"AGRIPRO","article_publisher":"http:\/\/facebook.com\/AgriproAfrica","article_modified_time":"2025-04-17T14:17:11+00:00","og_image":[{"width":980,"height":462,"url":"https:\/\/agriproafrica.net\/wp-content\/uploads\/2024\/06\/agripro1.jpg","type":"image\/jpeg"}],"twitter_card":"summary_large_image","twitter_site":"@Agripro_Africa","schema":{"@context":"https:\/\/schema.org","@graph":[{"@type":"WebPage","@id":"https:\/\/agriproafrica.net\/commercial\/","url":"https:\/\/agriproafrica.net\/commercial\/","name":"Commercial - AGRIPRO","isPartOf":{"@id":"https:\/\/agriproafrica.net\/fr_fr\/#website"},"primaryImageOfPage":{"@id":"https:\/\/agriproafrica.net\/commercial\/#primaryimage"},"image":{"@id":"https:\/\/agriproafrica.net\/commercial\/#primaryimage"},"thumbnailUrl":"https:\/\/agriproafrica.net\/wp-content\/uploads\/2024\/06\/agripro1.jpg","datePublished":"2025-04-17T13:33:11+00:00","dateModified":"2025-04-17T14:17:11+00:00","breadcrumb":{"@id":"https:\/\/agriproafrica.net\/commercial\/#breadcrumb"},"inLanguage":"en-US","potentialAction":[{"@type":"ReadAction","target":["https:\/\/agriproafrica.net\/commercial\/"]}]},{"@type":"ImageObject","inLanguage":"en-US","@id":"https:\/\/agriproafrica.net\/commercial\/#primaryimage","url":"https:\/\/agriproafrica.net\/wp-content\/uploads\/2024\/06\/agripro1.jpg","contentUrl":"https:\/\/agriproafrica.net\/wp-content\/uploads\/2024\/06\/agripro1.jpg","width":980,"height":462},{"@type":"BreadcrumbList","@id":"https:\/\/agriproafrica.net\/commercial\/#breadcrumb","itemListElement":[{"@type":"ListItem","position":1,"name":"Accueil","item":"https:\/\/agriproafrica.net\/"},{"@type":"ListItem","position":2,"name":"Commercial"}]},{"@type":"WebSite","@id":"https:\/\/agriproafrica.net\/fr_fr\/#website","url":"https:\/\/agriproafrica.net\/fr_fr\/","name":"AGRIPRO","description":"","publisher":{"@id":"https:\/\/agriproafrica.net\/fr_fr\/#organization"},"potentialAction":[{"@type":"SearchAction","target":{"@type":"EntryPoint","urlTemplate":"https:\/\/agriproafrica.net\/fr_fr\/?s={search_term_string}"},"query-input":{"@type":"PropertyValueSpecification","valueRequired":true,"valueName":"search_term_string"}}],"inLanguage":"en-US"},{"@type":"Organization","@id":"https:\/\/agriproafrica.net\/fr_fr\/#organization","name":"AGRIPRO","url":"https:\/\/agriproafrica.net\/fr_fr\/","logo":{"@type":"ImageObject","inLanguage":"en-US","@id":"https:\/\/agriproafrica.net\/fr_fr\/#\/schema\/logo\/image\/","url":"https:\/\/agriproafrica.net\/wp-content\/uploads\/2024\/07\/Logo-agripro.png","contentUrl":"https:\/\/agriproafrica.net\/wp-content\/uploads\/2024\/07\/Logo-agripro.png","width":280,"height":144,"caption":"AGRIPRO"},"image":{"@id":"https:\/\/agriproafrica.net\/fr_fr\/#\/schema\/logo\/image\/"},"sameAs":["http:\/\/facebook.com\/AgriproAfrica","https:\/\/x.com\/Agripro_Africa"]}]}},"_links":{"self":[{"href":"https:\/\/agriproafrica.net\/en\/wp-json\/wp\/v2\/pages\/1610","targetHints":{"allow":["GET"]}}],"collection":[{"href":"https:\/\/agriproafrica.net\/en\/wp-json\/wp\/v2\/pages"}],"about":[{"href":"https:\/\/agriproafrica.net\/en\/wp-json\/wp\/v2\/types\/page"}],"author":[{"embeddable":true,"href":"https:\/\/agriproafrica.net\/en\/wp-json\/wp\/v2\/users\/1"}],"replies":[{"embeddable":true,"href":"https:\/\/agriproafrica.net\/en\/wp-json\/wp\/v2\/comments?post=1610"}],"version-history":[{"count":19,"href":"https:\/\/agriproafrica.net\/en\/wp-json\/wp\/v2\/pages\/1610\/revisions"}],"predecessor-version":[{"id":1684,"href":"https:\/\/agriproafrica.net\/en\/wp-json\/wp\/v2\/pages\/1610\/revisions\/1684"}],"wp:featuredmedia":[{"embeddable":true,"href":"https:\/\/agriproafrica.net\/en\/wp-json\/wp\/v2\/media\/65"}],"wp:attachment":[{"href":"https:\/\/agriproafrica.net\/en\/wp-json\/wp\/v2\/media?parent=1610"}],"curies":[{"name":"wp","href":"https:\/\/api.w.org\/{rel}","templated":true}]}}