{"id":1455,"date":"2024-09-06T09:47:10","date_gmt":"2024-09-06T09:47:10","guid":{"rendered":"https:\/\/agriproafrica.net\/?post_type=product&#038;p=1455"},"modified":"2024-09-06T11:07:34","modified_gmt":"2024-09-06T11:07:34","slug":"valtra-s4","status":"publish","type":"product","link":"https:\/\/agriproafrica.net\/en\/product\/valtra-s4\/","title":{"rendered":"Valtra S4"},"content":{"rendered":"","protected":false},"excerpt":{"rendered":"<p>The fourth generation of the Valtra S Series is a tractor whose balanced performance allows you to get the most out of your new investment\u2014to maximize production and minimize costs. We have designed a reliable machine for you, to which you can add all the services you desire. This enables us to ensure the best possible return on your investment.<br \/>\nPower you can count on<\/p>","protected":false},"featured_media":1456,"template":"","meta":{"site-sidebar-layout":"default","site-content-layout":"","ast-site-content-layout":"default","site-content-style":"default","site-sidebar-style":"default","ast-global-header-display":"","ast-banner-title-visibility":"","ast-main-header-display":"","ast-hfb-above-header-display":"","ast-hfb-below-header-display":"","ast-hfb-mobile-header-display":"","site-post-title":"","ast-breadcrumbs-content":"","ast-featured-img":"","footer-sml-layout":"","ast-disable-related-posts":"","theme-transparent-header-meta":"default","adv-header-id-meta":"","stick-header-meta":"","header-above-stick-meta":"","header-main-stick-meta":"","header-below-stick-meta":"","astra-migrate-meta-layouts":"set","ast-page-background-enabled":"default","ast-page-background-meta":{"desktop":{"background-color":"var(--ast-global-color-4)","background-image":"","background-repeat":"repeat","background-position":"center center","background-size":"auto","background-attachment":"scroll","background-type":"","background-media":"","overlay-type":"","overlay-color":"","overlay-opacity":"","overlay-gradient":""},"tablet":{"background-color":"","background-image":"","background-repeat":"repeat","background-position":"center center","background-size":"auto","background-attachment":"scroll","background-type":"","background-media":"","overlay-type":"","overlay-color":"","overlay-opacity":"","overlay-gradient":""},"mobile":{"background-color":"","background-image":"","background-repeat":"repeat","background-position":"center center","background-size":"auto","background-attachment":"scroll","background-type":"","background-media":"","overlay-type":"","overlay-color":"","overlay-opacity":"","overlay-gradient":""}},"ast-content-background-meta":{"desktop":{"background-color":"var(--ast-global-color-5)","background-image":"","background-repeat":"repeat","background-position":"center center","background-size":"auto","background-attachment":"scroll","background-type":"","background-media":"","overlay-type":"","overlay-color":"","overlay-opacity":"","overlay-gradient":""},"tablet":{"background-color":"var(--ast-global-color-5)","background-image":"","background-repeat":"repeat","background-position":"center center","background-size":"auto","background-attachment":"scroll","background-type":"","background-media":"","overlay-type":"","overlay-color":"","overlay-opacity":"","overlay-gradient":""},"mobile":{"background-color":"var(--ast-global-color-5)","background-image":"","background-repeat":"repeat","background-position":"center center","background-size":"auto","background-attachment":"scroll","background-type":"","background-media":"","overlay-type":"","overlay-color":"","overlay-opacity":"","overlay-gradient":""}}},"product_brand":[],"product_cat":[22],"product_tag":[],"class_list":{"0":"post-1455","1":"product","2":"type-product","3":"status-publish","4":"has-post-thumbnail","6":"product_cat-tracteurs","7":"desktop-align-left","8":"tablet-align-left","9":"mobile-align-left","11":"first","12":"instock","13":"shipping-taxable","14":"product-type-simple"},"yoast_head":"<!-- This site is optimized with the Yoast SEO plugin v27.4 - https:\/\/yoast.com\/product\/yoast-seo-wordpress\/ -->\n<title>Valtra S4 - AGRIPRO<\/title>\n<meta name=\"robots\" content=\"index, follow, max-snippet:-1, max-image-preview:large, max-video-preview:-1\" \/>\n<link rel=\"canonical\" href=\"https:\/\/agriproafrica.net\/en\/product\/valtra-s4\/\" \/>\n<meta property=\"og:locale\" content=\"en_US\" \/>\n<meta property=\"og:type\" content=\"article\" \/>\n<meta property=\"og:title\" content=\"Valtra S4 - AGRIPRO\" \/>\n<meta property=\"og:description\" content=\"La quatri\u00e8me g\u00e9n\u00e9ration de la s\u00e9rie S Valtra est un tracteur dont les performances \u00e9quilibr\u00e9es vous permettent de tirer le meilleur parti de votre nouvel investissement \u2013 pour maximiser la production et minimiser les co\u00fbts. Nous avons con\u00e7u pour vous une machine fiable \u00e0 laquelle vous pouvez combiner tous les services que vous souhaitez. Cela nous permet d\u2019assurer le meilleur rendement possible de votre investissement. Puissance sur laquelle vous pouvez compter\" \/>\n<meta property=\"og:url\" content=\"https:\/\/agriproafrica.net\/en\/product\/valtra-s4\/\" \/>\n<meta property=\"og:site_name\" content=\"AGRIPRO\" \/>\n<meta property=\"article:publisher\" content=\"http:\/\/facebook.com\/AgriproAfrica\" \/>\n<meta property=\"article:modified_time\" content=\"2024-09-06T11:07:34+00:00\" \/>\n<meta property=\"og:image\" content=\"https:\/\/agriproafrica.net\/wp-content\/uploads\/2024\/09\/S4_3x4_Left_Low_75117.jpg\" \/>\n\t<meta property=\"og:image:width\" content=\"799\" \/>\n\t<meta property=\"og:image:height\" content=\"661\" \/>\n\t<meta property=\"og:image:type\" content=\"image\/jpeg\" \/>\n<meta name=\"twitter:card\" content=\"summary_large_image\" \/>\n<meta name=\"twitter:site\" content=\"@Agripro_Africa\" \/>\n<script type=\"application\/ld+json\" class=\"yoast-schema-graph\">{\"@context\":\"https:\\\/\\\/schema.org\",\"@graph\":[{\"@type\":\"WebPage\",\"@id\":\"https:\\\/\\\/agriproafrica.net\\\/produit\\\/valtra-s4\\\/\",\"url\":\"https:\\\/\\\/agriproafrica.net\\\/produit\\\/valtra-s4\\\/\",\"name\":\"Valtra S4 - AGRIPRO\",\"isPartOf\":{\"@id\":\"https:\\\/\\\/agriproafrica.net\\\/fr_fr\\\/#website\"},\"primaryImageOfPage\":{\"@id\":\"https:\\\/\\\/agriproafrica.net\\\/produit\\\/valtra-s4\\\/#primaryimage\"},\"image\":{\"@id\":\"https:\\\/\\\/agriproafrica.net\\\/produit\\\/valtra-s4\\\/#primaryimage\"},\"thumbnailUrl\":\"https:\\\/\\\/agriproafrica.net\\\/wp-content\\\/uploads\\\/2024\\\/09\\\/S4_3x4_Left_Low_75117.jpg\",\"datePublished\":\"2024-09-06T09:47:10+00:00\",\"dateModified\":\"2024-09-06T11:07:34+00:00\",\"breadcrumb\":{\"@id\":\"https:\\\/\\\/agriproafrica.net\\\/produit\\\/valtra-s4\\\/#breadcrumb\"},\"inLanguage\":\"en-US\",\"potentialAction\":[{\"@type\":\"ReadAction\",\"target\":[\"https:\\\/\\\/agriproafrica.net\\\/produit\\\/valtra-s4\\\/\"]}]},{\"@type\":\"ImageObject\",\"inLanguage\":\"en-US\",\"@id\":\"https:\\\/\\\/agriproafrica.net\\\/produit\\\/valtra-s4\\\/#primaryimage\",\"url\":\"https:\\\/\\\/agriproafrica.net\\\/wp-content\\\/uploads\\\/2024\\\/09\\\/S4_3x4_Left_Low_75117.jpg\",\"contentUrl\":\"https:\\\/\\\/agriproafrica.net\\\/wp-content\\\/uploads\\\/2024\\\/09\\\/S4_3x4_Left_Low_75117.jpg\",\"width\":799,\"height\":661},{\"@type\":\"BreadcrumbList\",\"@id\":\"https:\\\/\\\/agriproafrica.net\\\/produit\\\/valtra-s4\\\/#breadcrumb\",\"itemListElement\":[{\"@type\":\"ListItem\",\"position\":1,\"name\":\"Accueil\",\"item\":\"https:\\\/\\\/agriproafrica.net\\\/\"},{\"@type\":\"ListItem\",\"position\":2,\"name\":\"Produits\",\"item\":\"https:\\\/\\\/agriproafrica.net\\\/produits\\\/\"},{\"@type\":\"ListItem\",\"position\":3,\"name\":\"Valtra S4\"}]},{\"@type\":\"WebSite\",\"@id\":\"https:\\\/\\\/agriproafrica.net\\\/fr_fr\\\/#website\",\"url\":\"https:\\\/\\\/agriproafrica.net\\\/fr_fr\\\/\",\"name\":\"AGRIPRO\",\"description\":\"\",\"publisher\":{\"@id\":\"https:\\\/\\\/agriproafrica.net\\\/fr_fr\\\/#organization\"},\"potentialAction\":[{\"@type\":\"SearchAction\",\"target\":{\"@type\":\"EntryPoint\",\"urlTemplate\":\"https:\\\/\\\/agriproafrica.net\\\/fr_fr\\\/?s={search_term_string}\"},\"query-input\":{\"@type\":\"PropertyValueSpecification\",\"valueRequired\":true,\"valueName\":\"search_term_string\"}}],\"inLanguage\":\"en-US\"},{\"@type\":\"Organization\",\"@id\":\"https:\\\/\\\/agriproafrica.net\\\/fr_fr\\\/#organization\",\"name\":\"AGRIPRO\",\"url\":\"https:\\\/\\\/agriproafrica.net\\\/fr_fr\\\/\",\"logo\":{\"@type\":\"ImageObject\",\"inLanguage\":\"en-US\",\"@id\":\"https:\\\/\\\/agriproafrica.net\\\/fr_fr\\\/#\\\/schema\\\/logo\\\/image\\\/\",\"url\":\"https:\\\/\\\/agriproafrica.net\\\/wp-content\\\/uploads\\\/2024\\\/07\\\/Logo-agripro.png\",\"contentUrl\":\"https:\\\/\\\/agriproafrica.net\\\/wp-content\\\/uploads\\\/2024\\\/07\\\/Logo-agripro.png\",\"width\":280,\"height\":144,\"caption\":\"AGRIPRO\"},\"image\":{\"@id\":\"https:\\\/\\\/agriproafrica.net\\\/fr_fr\\\/#\\\/schema\\\/logo\\\/image\\\/\"},\"sameAs\":[\"http:\\\/\\\/facebook.com\\\/AgriproAfrica\",\"https:\\\/\\\/x.com\\\/Agripro_Africa\"]}]}<\/script>\n<!-- \/ Yoast SEO plugin. -->","yoast_head_json":{"title":"Valtra S4 - AGRIPRO","robots":{"index":"index","follow":"follow","max-snippet":"max-snippet:-1","max-image-preview":"max-image-preview:large","max-video-preview":"max-video-preview:-1"},"canonical":"https:\/\/agriproafrica.net\/en\/product\/valtra-s4\/","og_locale":"en_US","og_type":"article","og_title":"Valtra S4 - AGRIPRO","og_description":"La quatri\u00e8me g\u00e9n\u00e9ration de la s\u00e9rie S Valtra est un tracteur dont les performances \u00e9quilibr\u00e9es vous permettent de tirer le meilleur parti de votre nouvel investissement \u2013 pour maximiser la production et minimiser les co\u00fbts. Nous avons con\u00e7u pour vous une machine fiable \u00e0 laquelle vous pouvez combiner tous les services que vous souhaitez. Cela nous permet d\u2019assurer le meilleur rendement possible de votre investissement. Puissance sur laquelle vous pouvez compter","og_url":"https:\/\/agriproafrica.net\/en\/product\/valtra-s4\/","og_site_name":"AGRIPRO","article_publisher":"http:\/\/facebook.com\/AgriproAfrica","article_modified_time":"2024-09-06T11:07:34+00:00","og_image":[{"width":799,"height":661,"url":"https:\/\/agriproafrica.net\/wp-content\/uploads\/2024\/09\/S4_3x4_Left_Low_75117.jpg","type":"image\/jpeg"}],"twitter_card":"summary_large_image","twitter_site":"@Agripro_Africa","schema":{"@context":"https:\/\/schema.org","@graph":[{"@type":"WebPage","@id":"https:\/\/agriproafrica.net\/produit\/valtra-s4\/","url":"https:\/\/agriproafrica.net\/produit\/valtra-s4\/","name":"Valtra S4 - AGRIPRO","isPartOf":{"@id":"https:\/\/agriproafrica.net\/fr_fr\/#website"},"primaryImageOfPage":{"@id":"https:\/\/agriproafrica.net\/produit\/valtra-s4\/#primaryimage"},"image":{"@id":"https:\/\/agriproafrica.net\/produit\/valtra-s4\/#primaryimage"},"thumbnailUrl":"https:\/\/agriproafrica.net\/wp-content\/uploads\/2024\/09\/S4_3x4_Left_Low_75117.jpg","datePublished":"2024-09-06T09:47:10+00:00","dateModified":"2024-09-06T11:07:34+00:00","breadcrumb":{"@id":"https:\/\/agriproafrica.net\/produit\/valtra-s4\/#breadcrumb"},"inLanguage":"en-US","potentialAction":[{"@type":"ReadAction","target":["https:\/\/agriproafrica.net\/produit\/valtra-s4\/"]}]},{"@type":"ImageObject","inLanguage":"en-US","@id":"https:\/\/agriproafrica.net\/produit\/valtra-s4\/#primaryimage","url":"https:\/\/agriproafrica.net\/wp-content\/uploads\/2024\/09\/S4_3x4_Left_Low_75117.jpg","contentUrl":"https:\/\/agriproafrica.net\/wp-content\/uploads\/2024\/09\/S4_3x4_Left_Low_75117.jpg","width":799,"height":661},{"@type":"BreadcrumbList","@id":"https:\/\/agriproafrica.net\/produit\/valtra-s4\/#breadcrumb","itemListElement":[{"@type":"ListItem","position":1,"name":"Accueil","item":"https:\/\/agriproafrica.net\/"},{"@type":"ListItem","position":2,"name":"Produits","item":"https:\/\/agriproafrica.net\/produits\/"},{"@type":"ListItem","position":3,"name":"Valtra S4"}]},{"@type":"WebSite","@id":"https:\/\/agriproafrica.net\/fr_fr\/#website","url":"https:\/\/agriproafrica.net\/fr_fr\/","name":"AGRIPRO","description":"","publisher":{"@id":"https:\/\/agriproafrica.net\/fr_fr\/#organization"},"potentialAction":[{"@type":"SearchAction","target":{"@type":"EntryPoint","urlTemplate":"https:\/\/agriproafrica.net\/fr_fr\/?s={search_term_string}"},"query-input":{"@type":"PropertyValueSpecification","valueRequired":true,"valueName":"search_term_string"}}],"inLanguage":"en-US"},{"@type":"Organization","@id":"https:\/\/agriproafrica.net\/fr_fr\/#organization","name":"AGRIPRO","url":"https:\/\/agriproafrica.net\/fr_fr\/","logo":{"@type":"ImageObject","inLanguage":"en-US","@id":"https:\/\/agriproafrica.net\/fr_fr\/#\/schema\/logo\/image\/","url":"https:\/\/agriproafrica.net\/wp-content\/uploads\/2024\/07\/Logo-agripro.png","contentUrl":"https:\/\/agriproafrica.net\/wp-content\/uploads\/2024\/07\/Logo-agripro.png","width":280,"height":144,"caption":"AGRIPRO"},"image":{"@id":"https:\/\/agriproafrica.net\/fr_fr\/#\/schema\/logo\/image\/"},"sameAs":["http:\/\/facebook.com\/AgriproAfrica","https:\/\/x.com\/Agripro_Africa"]}]}},"_links":{"self":[{"href":"https:\/\/agriproafrica.net\/en\/wp-json\/wp\/v2\/product\/1455","targetHints":{"allow":["GET"]}}],"collection":[{"href":"https:\/\/agriproafrica.net\/en\/wp-json\/wp\/v2\/product"}],"about":[{"href":"https:\/\/agriproafrica.net\/en\/wp-json\/wp\/v2\/types\/product"}],"wp:featuredmedia":[{"embeddable":true,"href":"https:\/\/agriproafrica.net\/en\/wp-json\/wp\/v2\/media\/1456"}],"wp:attachment":[{"href":"https:\/\/agriproafrica.net\/en\/wp-json\/wp\/v2\/media?parent=1455"}],"wp:term":[{"taxonomy":"product_brand","embeddable":true,"href":"https:\/\/agriproafrica.net\/en\/wp-json\/wp\/v2\/product_brand?post=1455"},{"taxonomy":"product_cat","embeddable":true,"href":"https:\/\/agriproafrica.net\/en\/wp-json\/wp\/v2\/product_cat?post=1455"},{"taxonomy":"product_tag","embeddable":true,"href":"https:\/\/agriproafrica.net\/en\/wp-json\/wp\/v2\/product_tag?post=1455"}],"curies":[{"name":"wp","href":"https:\/\/api.w.org\/{rel}","templated":true}]}}