{"id":329,"date":"2024-09-06T10:10:17","date_gmt":"2024-09-06T10:10:17","guid":{"rendered":"https:\/\/agriproafrica.net\/?post_type=product&#038;p=329"},"modified":"2024-09-06T10:55:17","modified_gmt":"2024-09-06T10:55:17","slug":"valtra-serie-a4","status":"publish","type":"product","link":"https:\/\/agriproafrica.net\/en\/product\/valtra-serie-a4\/","title":{"rendered":"Valtra A4 Series"},"content":{"rendered":"","protected":false},"excerpt":{"rendered":"<p>The A4 Series has been designed to meet all your agricultural needs. It comes with different specification levels that are ideal for your farm.<\/p>\n<p>The A Series offers an unmatched balance between agile maneuverability and optimal power. Like all Valtra tractors, it is easy to use and reliable.<\/p>\n<p>The two transmissions offered in the A4 Series are key to its versatility. The AGCO Power common-rail engine delivers high torque at low RPMs, which reduces fuel consumption.<\/p>","protected":false},"featured_media":1200,"template":"","meta":{"site-sidebar-layout":"default","site-content-layout":"","ast-site-content-layout":"default","site-content-style":"default","site-sidebar-style":"default","ast-global-header-display":"","ast-banner-title-visibility":"","ast-main-header-display":"","ast-hfb-above-header-display":"","ast-hfb-below-header-display":"","ast-hfb-mobile-header-display":"","site-post-title":"","ast-breadcrumbs-content":"","ast-featured-img":"","footer-sml-layout":"","ast-disable-related-posts":"","theme-transparent-header-meta":"default","adv-header-id-meta":"","stick-header-meta":"","header-above-stick-meta":"","header-main-stick-meta":"","header-below-stick-meta":"","astra-migrate-meta-layouts":"set","ast-page-background-enabled":"default","ast-page-background-meta":{"desktop":{"background-color":"var(--ast-global-color-4)","background-image":"","background-repeat":"repeat","background-position":"center center","background-size":"auto","background-attachment":"scroll","background-type":"","background-media":"","overlay-type":"","overlay-color":"","overlay-opacity":"","overlay-gradient":""},"tablet":{"background-color":"","background-image":"","background-repeat":"repeat","background-position":"center center","background-size":"auto","background-attachment":"scroll","background-type":"","background-media":"","overlay-type":"","overlay-color":"","overlay-opacity":"","overlay-gradient":""},"mobile":{"background-color":"","background-image":"","background-repeat":"repeat","background-position":"center center","background-size":"auto","background-attachment":"scroll","background-type":"","background-media":"","overlay-type":"","overlay-color":"","overlay-opacity":"","overlay-gradient":""}},"ast-content-background-meta":{"desktop":{"background-color":"var(--ast-global-color-5)","background-image":"","background-repeat":"repeat","background-position":"center center","background-size":"auto","background-attachment":"scroll","background-type":"","background-media":"","overlay-type":"","overlay-color":"","overlay-opacity":"","overlay-gradient":""},"tablet":{"background-color":"var(--ast-global-color-5)","background-image":"","background-repeat":"repeat","background-position":"center center","background-size":"auto","background-attachment":"scroll","background-type":"","background-media":"","overlay-type":"","overlay-color":"","overlay-opacity":"","overlay-gradient":""},"mobile":{"background-color":"var(--ast-global-color-5)","background-image":"","background-repeat":"repeat","background-position":"center center","background-size":"auto","background-attachment":"scroll","background-type":"","background-media":"","overlay-type":"","overlay-color":"","overlay-opacity":"","overlay-gradient":""}}},"product_brand":[],"product_cat":[22],"product_tag":[],"class_list":{"0":"post-329","1":"product","2":"type-product","3":"status-publish","4":"has-post-thumbnail","6":"product_cat-tracteurs","7":"desktop-align-left","8":"tablet-align-left","9":"mobile-align-left","11":"first","12":"instock","13":"shipping-taxable","14":"product-type-simple"},"yoast_head":"<!-- This site is optimized with the Yoast SEO plugin v27.4 - https:\/\/yoast.com\/product\/yoast-seo-wordpress\/ -->\n<title>Valtra S\u00e9rie A4 - AGRIPRO<\/title>\n<meta name=\"robots\" content=\"index, follow, max-snippet:-1, max-image-preview:large, max-video-preview:-1\" \/>\n<link rel=\"canonical\" href=\"https:\/\/agriproafrica.net\/en\/product\/valtra-serie-a4\/\" \/>\n<meta property=\"og:locale\" content=\"en_US\" \/>\n<meta property=\"og:type\" content=\"article\" \/>\n<meta property=\"og:title\" content=\"Valtra S\u00e9rie A4 - AGRIPRO\" \/>\n<meta property=\"og:description\" content=\"La s\u00e9rie A4 a \u00e9t\u00e9 con\u00e7ue pour r\u00e9pondre \u00e0 tous vos besoins agricoles. Elle est livr\u00e9e avec diff\u00e9rents niveaux de sp\u00e9cifications qui sont id\u00e9ales pour votre ferme.  La s\u00e9rie A offre un \u00e9quilibre in\u00e9gal\u00e9 entre maniabilit\u00e9 agile et puissance optimale. Comme tous les tracteurs Valtra, il est facile \u00e0 utiliser et fiable.  Les deux transmissions propos\u00e9es dans la s\u00e9rie A4 sont la cl\u00e9 de sa polyvalence. Le moteur common-rail AGCO Power produit un couple \u00e9lev\u00e9 \u00e0 bas r\u00e9gime, ce qui r\u00e9duit la consommation de carburant.\" \/>\n<meta property=\"og:url\" content=\"https:\/\/agriproafrica.net\/en\/product\/valtra-serie-a4\/\" \/>\n<meta property=\"og:site_name\" content=\"AGRIPRO\" \/>\n<meta property=\"article:publisher\" content=\"http:\/\/facebook.com\/AgriproAfrica\" \/>\n<meta property=\"article:modified_time\" content=\"2024-09-06T10:55:17+00:00\" \/>\n<meta property=\"og:image\" content=\"https:\/\/agriproafrica.net\/wp-content\/uploads\/2024\/07\/A4_3x4Right_132022.jpg\" \/>\n\t<meta property=\"og:image:width\" content=\"799\" \/>\n\t<meta property=\"og:image:height\" content=\"660\" \/>\n\t<meta property=\"og:image:type\" content=\"image\/jpeg\" \/>\n<meta name=\"twitter:card\" content=\"summary_large_image\" \/>\n<meta name=\"twitter:site\" content=\"@Agripro_Africa\" \/>\n<script type=\"application\/ld+json\" class=\"yoast-schema-graph\">{\"@context\":\"https:\\\/\\\/schema.org\",\"@graph\":[{\"@type\":\"WebPage\",\"@id\":\"https:\\\/\\\/agriproafrica.net\\\/produit\\\/valtra-serie-a4\\\/\",\"url\":\"https:\\\/\\\/agriproafrica.net\\\/produit\\\/valtra-serie-a4\\\/\",\"name\":\"Valtra S\u00e9rie A4 - AGRIPRO\",\"isPartOf\":{\"@id\":\"https:\\\/\\\/agriproafrica.net\\\/fr_fr\\\/#website\"},\"primaryImageOfPage\":{\"@id\":\"https:\\\/\\\/agriproafrica.net\\\/produit\\\/valtra-serie-a4\\\/#primaryimage\"},\"image\":{\"@id\":\"https:\\\/\\\/agriproafrica.net\\\/produit\\\/valtra-serie-a4\\\/#primaryimage\"},\"thumbnailUrl\":\"https:\\\/\\\/agriproafrica.net\\\/wp-content\\\/uploads\\\/2024\\\/07\\\/A4_3x4Right_132022.jpg\",\"datePublished\":\"2024-09-06T10:10:17+00:00\",\"dateModified\":\"2024-09-06T10:55:17+00:00\",\"breadcrumb\":{\"@id\":\"https:\\\/\\\/agriproafrica.net\\\/produit\\\/valtra-serie-a4\\\/#breadcrumb\"},\"inLanguage\":\"en-US\",\"potentialAction\":[{\"@type\":\"ReadAction\",\"target\":[\"https:\\\/\\\/agriproafrica.net\\\/produit\\\/valtra-serie-a4\\\/\"]}]},{\"@type\":\"ImageObject\",\"inLanguage\":\"en-US\",\"@id\":\"https:\\\/\\\/agriproafrica.net\\\/produit\\\/valtra-serie-a4\\\/#primaryimage\",\"url\":\"https:\\\/\\\/agriproafrica.net\\\/wp-content\\\/uploads\\\/2024\\\/07\\\/A4_3x4Right_132022.jpg\",\"contentUrl\":\"https:\\\/\\\/agriproafrica.net\\\/wp-content\\\/uploads\\\/2024\\\/07\\\/A4_3x4Right_132022.jpg\",\"width\":799,\"height\":660},{\"@type\":\"BreadcrumbList\",\"@id\":\"https:\\\/\\\/agriproafrica.net\\\/produit\\\/valtra-serie-a4\\\/#breadcrumb\",\"itemListElement\":[{\"@type\":\"ListItem\",\"position\":1,\"name\":\"Accueil\",\"item\":\"https:\\\/\\\/agriproafrica.net\\\/\"},{\"@type\":\"ListItem\",\"position\":2,\"name\":\"Produits\",\"item\":\"https:\\\/\\\/agriproafrica.net\\\/produits\\\/\"},{\"@type\":\"ListItem\",\"position\":3,\"name\":\"Valtra S\u00e9rie A4\"}]},{\"@type\":\"WebSite\",\"@id\":\"https:\\\/\\\/agriproafrica.net\\\/fr_fr\\\/#website\",\"url\":\"https:\\\/\\\/agriproafrica.net\\\/fr_fr\\\/\",\"name\":\"AGRIPRO\",\"description\":\"\",\"publisher\":{\"@id\":\"https:\\\/\\\/agriproafrica.net\\\/fr_fr\\\/#organization\"},\"potentialAction\":[{\"@type\":\"SearchAction\",\"target\":{\"@type\":\"EntryPoint\",\"urlTemplate\":\"https:\\\/\\\/agriproafrica.net\\\/fr_fr\\\/?s={search_term_string}\"},\"query-input\":{\"@type\":\"PropertyValueSpecification\",\"valueRequired\":true,\"valueName\":\"search_term_string\"}}],\"inLanguage\":\"en-US\"},{\"@type\":\"Organization\",\"@id\":\"https:\\\/\\\/agriproafrica.net\\\/fr_fr\\\/#organization\",\"name\":\"AGRIPRO\",\"url\":\"https:\\\/\\\/agriproafrica.net\\\/fr_fr\\\/\",\"logo\":{\"@type\":\"ImageObject\",\"inLanguage\":\"en-US\",\"@id\":\"https:\\\/\\\/agriproafrica.net\\\/fr_fr\\\/#\\\/schema\\\/logo\\\/image\\\/\",\"url\":\"https:\\\/\\\/agriproafrica.net\\\/wp-content\\\/uploads\\\/2024\\\/07\\\/Logo-agripro.png\",\"contentUrl\":\"https:\\\/\\\/agriproafrica.net\\\/wp-content\\\/uploads\\\/2024\\\/07\\\/Logo-agripro.png\",\"width\":280,\"height\":144,\"caption\":\"AGRIPRO\"},\"image\":{\"@id\":\"https:\\\/\\\/agriproafrica.net\\\/fr_fr\\\/#\\\/schema\\\/logo\\\/image\\\/\"},\"sameAs\":[\"http:\\\/\\\/facebook.com\\\/AgriproAfrica\",\"https:\\\/\\\/x.com\\\/Agripro_Africa\"]}]}<\/script>\n<!-- \/ Yoast SEO plugin. -->","yoast_head_json":{"title":"Valtra S\u00e9rie A4 - AGRIPRO","robots":{"index":"index","follow":"follow","max-snippet":"max-snippet:-1","max-image-preview":"max-image-preview:large","max-video-preview":"max-video-preview:-1"},"canonical":"https:\/\/agriproafrica.net\/en\/product\/valtra-serie-a4\/","og_locale":"en_US","og_type":"article","og_title":"Valtra S\u00e9rie A4 - AGRIPRO","og_description":"La s\u00e9rie A4 a \u00e9t\u00e9 con\u00e7ue pour r\u00e9pondre \u00e0 tous vos besoins agricoles. Elle est livr\u00e9e avec diff\u00e9rents niveaux de sp\u00e9cifications qui sont id\u00e9ales pour votre ferme.  La s\u00e9rie A offre un \u00e9quilibre in\u00e9gal\u00e9 entre maniabilit\u00e9 agile et puissance optimale. Comme tous les tracteurs Valtra, il est facile \u00e0 utiliser et fiable.  Les deux transmissions propos\u00e9es dans la s\u00e9rie A4 sont la cl\u00e9 de sa polyvalence. Le moteur common-rail AGCO Power produit un couple \u00e9lev\u00e9 \u00e0 bas r\u00e9gime, ce qui r\u00e9duit la consommation de carburant.","og_url":"https:\/\/agriproafrica.net\/en\/product\/valtra-serie-a4\/","og_site_name":"AGRIPRO","article_publisher":"http:\/\/facebook.com\/AgriproAfrica","article_modified_time":"2024-09-06T10:55:17+00:00","og_image":[{"width":799,"height":660,"url":"https:\/\/agriproafrica.net\/wp-content\/uploads\/2024\/07\/A4_3x4Right_132022.jpg","type":"image\/jpeg"}],"twitter_card":"summary_large_image","twitter_site":"@Agripro_Africa","schema":{"@context":"https:\/\/schema.org","@graph":[{"@type":"WebPage","@id":"https:\/\/agriproafrica.net\/produit\/valtra-serie-a4\/","url":"https:\/\/agriproafrica.net\/produit\/valtra-serie-a4\/","name":"Valtra S\u00e9rie A4 - AGRIPRO","isPartOf":{"@id":"https:\/\/agriproafrica.net\/fr_fr\/#website"},"primaryImageOfPage":{"@id":"https:\/\/agriproafrica.net\/produit\/valtra-serie-a4\/#primaryimage"},"image":{"@id":"https:\/\/agriproafrica.net\/produit\/valtra-serie-a4\/#primaryimage"},"thumbnailUrl":"https:\/\/agriproafrica.net\/wp-content\/uploads\/2024\/07\/A4_3x4Right_132022.jpg","datePublished":"2024-09-06T10:10:17+00:00","dateModified":"2024-09-06T10:55:17+00:00","breadcrumb":{"@id":"https:\/\/agriproafrica.net\/produit\/valtra-serie-a4\/#breadcrumb"},"inLanguage":"en-US","potentialAction":[{"@type":"ReadAction","target":["https:\/\/agriproafrica.net\/produit\/valtra-serie-a4\/"]}]},{"@type":"ImageObject","inLanguage":"en-US","@id":"https:\/\/agriproafrica.net\/produit\/valtra-serie-a4\/#primaryimage","url":"https:\/\/agriproafrica.net\/wp-content\/uploads\/2024\/07\/A4_3x4Right_132022.jpg","contentUrl":"https:\/\/agriproafrica.net\/wp-content\/uploads\/2024\/07\/A4_3x4Right_132022.jpg","width":799,"height":660},{"@type":"BreadcrumbList","@id":"https:\/\/agriproafrica.net\/produit\/valtra-serie-a4\/#breadcrumb","itemListElement":[{"@type":"ListItem","position":1,"name":"Accueil","item":"https:\/\/agriproafrica.net\/"},{"@type":"ListItem","position":2,"name":"Produits","item":"https:\/\/agriproafrica.net\/produits\/"},{"@type":"ListItem","position":3,"name":"Valtra S\u00e9rie A4"}]},{"@type":"WebSite","@id":"https:\/\/agriproafrica.net\/fr_fr\/#website","url":"https:\/\/agriproafrica.net\/fr_fr\/","name":"AGRIPRO","description":"","publisher":{"@id":"https:\/\/agriproafrica.net\/fr_fr\/#organization"},"potentialAction":[{"@type":"SearchAction","target":{"@type":"EntryPoint","urlTemplate":"https:\/\/agriproafrica.net\/fr_fr\/?s={search_term_string}"},"query-input":{"@type":"PropertyValueSpecification","valueRequired":true,"valueName":"search_term_string"}}],"inLanguage":"en-US"},{"@type":"Organization","@id":"https:\/\/agriproafrica.net\/fr_fr\/#organization","name":"AGRIPRO","url":"https:\/\/agriproafrica.net\/fr_fr\/","logo":{"@type":"ImageObject","inLanguage":"en-US","@id":"https:\/\/agriproafrica.net\/fr_fr\/#\/schema\/logo\/image\/","url":"https:\/\/agriproafrica.net\/wp-content\/uploads\/2024\/07\/Logo-agripro.png","contentUrl":"https:\/\/agriproafrica.net\/wp-content\/uploads\/2024\/07\/Logo-agripro.png","width":280,"height":144,"caption":"AGRIPRO"},"image":{"@id":"https:\/\/agriproafrica.net\/fr_fr\/#\/schema\/logo\/image\/"},"sameAs":["http:\/\/facebook.com\/AgriproAfrica","https:\/\/x.com\/Agripro_Africa"]}]}},"_links":{"self":[{"href":"https:\/\/agriproafrica.net\/en\/wp-json\/wp\/v2\/product\/329","targetHints":{"allow":["GET"]}}],"collection":[{"href":"https:\/\/agriproafrica.net\/en\/wp-json\/wp\/v2\/product"}],"about":[{"href":"https:\/\/agriproafrica.net\/en\/wp-json\/wp\/v2\/types\/product"}],"wp:featuredmedia":[{"embeddable":true,"href":"https:\/\/agriproafrica.net\/en\/wp-json\/wp\/v2\/media\/1200"}],"wp:attachment":[{"href":"https:\/\/agriproafrica.net\/en\/wp-json\/wp\/v2\/media?parent=329"}],"wp:term":[{"taxonomy":"product_brand","embeddable":true,"href":"https:\/\/agriproafrica.net\/en\/wp-json\/wp\/v2\/product_brand?post=329"},{"taxonomy":"product_cat","embeddable":true,"href":"https:\/\/agriproafrica.net\/en\/wp-json\/wp\/v2\/product_cat?post=329"},{"taxonomy":"product_tag","embeddable":true,"href":"https:\/\/agriproafrica.net\/en\/wp-json\/wp\/v2\/product_tag?post=329"}],"curies":[{"name":"wp","href":"https:\/\/api.w.org\/{rel}","templated":true}]}}