{"id":495,"date":"2024-09-06T10:11:23","date_gmt":"2024-09-06T10:11:23","guid":{"rendered":"https:\/\/agriproafrica.net\/?post_type=product&#038;p=495"},"modified":"2024-09-06T10:53:36","modified_gmt":"2024-09-06T10:53:36","slug":"tracteur-serie-bh","status":"publish","type":"product","link":"https:\/\/agriproafrica.net\/en\/product\/tracteur-serie-bh\/","title":{"rendered":"Valtra BH Series"},"content":{"rendered":"","protected":false},"excerpt":{"rendered":"<p>To stay ahead, it was necessary to address the daily challenges faced by today\u2019s farmers \u2013 new tools and the need for guidance and precision. <\/p>\n<p>Its robust mechanical transmission is available with AGCO Power 4- and 6-cylinder engines.<\/p>\n<p>The Valtra BH remains a simple and robust tractor. It is easy to use and maintain. Valtra combines tradition and innovation to deliver a perfect product for today\u2019s agricultural sector.<\/p>","protected":false},"featured_media":1198,"template":"","meta":{"site-sidebar-layout":"default","site-content-layout":"","ast-site-content-layout":"default","site-content-style":"default","site-sidebar-style":"default","ast-global-header-display":"","ast-banner-title-visibility":"","ast-main-header-display":"","ast-hfb-above-header-display":"","ast-hfb-below-header-display":"","ast-hfb-mobile-header-display":"","site-post-title":"","ast-breadcrumbs-content":"","ast-featured-img":"","footer-sml-layout":"","ast-disable-related-posts":"","theme-transparent-header-meta":"default","adv-header-id-meta":"","stick-header-meta":"","header-above-stick-meta":"","header-main-stick-meta":"","header-below-stick-meta":"","astra-migrate-meta-layouts":"set","ast-page-background-enabled":"default","ast-page-background-meta":{"desktop":{"background-color":"var(--ast-global-color-4)","background-image":"","background-repeat":"repeat","background-position":"center center","background-size":"auto","background-attachment":"scroll","background-type":"","background-media":"","overlay-type":"","overlay-color":"","overlay-opacity":"","overlay-gradient":""},"tablet":{"background-color":"","background-image":"","background-repeat":"repeat","background-position":"center center","background-size":"auto","background-attachment":"scroll","background-type":"","background-media":"","overlay-type":"","overlay-color":"","overlay-opacity":"","overlay-gradient":""},"mobile":{"background-color":"","background-image":"","background-repeat":"repeat","background-position":"center center","background-size":"auto","background-attachment":"scroll","background-type":"","background-media":"","overlay-type":"","overlay-color":"","overlay-opacity":"","overlay-gradient":""}},"ast-content-background-meta":{"desktop":{"background-color":"var(--ast-global-color-5)","background-image":"","background-repeat":"repeat","background-position":"center center","background-size":"auto","background-attachment":"scroll","background-type":"","background-media":"","overlay-type":"","overlay-color":"","overlay-opacity":"","overlay-gradient":""},"tablet":{"background-color":"var(--ast-global-color-5)","background-image":"","background-repeat":"repeat","background-position":"center center","background-size":"auto","background-attachment":"scroll","background-type":"","background-media":"","overlay-type":"","overlay-color":"","overlay-opacity":"","overlay-gradient":""},"mobile":{"background-color":"var(--ast-global-color-5)","background-image":"","background-repeat":"repeat","background-position":"center center","background-size":"auto","background-attachment":"scroll","background-type":"","background-media":"","overlay-type":"","overlay-color":"","overlay-opacity":"","overlay-gradient":""}}},"product_brand":[],"product_cat":[22],"product_tag":[],"class_list":{"0":"post-495","1":"product","2":"type-product","3":"status-publish","4":"has-post-thumbnail","6":"product_cat-tracteurs","7":"desktop-align-left","8":"tablet-align-left","9":"mobile-align-left","11":"first","12":"instock","13":"shipping-taxable","14":"product-type-simple"},"yoast_head":"<!-- This site is optimized with the Yoast SEO plugin v27.4 - https:\/\/yoast.com\/product\/yoast-seo-wordpress\/ -->\n<title>Valtra S\u00e9rie BH - AGRIPRO<\/title>\n<meta name=\"robots\" content=\"index, follow, max-snippet:-1, max-image-preview:large, max-video-preview:-1\" \/>\n<link rel=\"canonical\" href=\"https:\/\/agriproafrica.net\/en\/product\/tracteur-serie-bh\/\" \/>\n<meta property=\"og:locale\" content=\"en_US\" \/>\n<meta property=\"og:type\" content=\"article\" \/>\n<meta property=\"og:title\" content=\"Valtra S\u00e9rie BH - AGRIPRO\" \/>\n<meta property=\"og:description\" content=\"Pour rester en t\u00eate, il \u00e9tait n\u00e9cessaire de r\u00e9soudre les d\u00e9fis quotidiens auxquels sont confront\u00e9s les agriculteurs d\u2019aujourd\u2019hui - nouveaux outils et le besoin de conseils et de pr\u00e9cision.   Sa transmission m\u00e9canique robuste est disponible avec des moteurs AGCO Power 4 et 6 cylindres.  Le Valtra BH demeure un tracteur simple et robuste. Il est facile \u00e0 utiliser et \u00e0 entretenir. Valtra allie tradition et innovation pour offrir un produit parfait dans le secteur agricole actuel\" \/>\n<meta property=\"og:url\" content=\"https:\/\/agriproafrica.net\/en\/product\/tracteur-serie-bh\/\" \/>\n<meta property=\"og:site_name\" content=\"AGRIPRO\" \/>\n<meta property=\"article:publisher\" content=\"http:\/\/facebook.com\/AgriproAfrica\" \/>\n<meta property=\"article:modified_time\" content=\"2024-09-06T10:53:36+00:00\" \/>\n<meta property=\"og:image\" content=\"https:\/\/agriproafrica.net\/wp-content\/uploads\/2024\/07\/BH214_MIA_2017_VALTRA_0325.jpg\" \/>\n\t<meta property=\"og:image:width\" content=\"800\" \/>\n\t<meta property=\"og:image:height\" content=\"533\" \/>\n\t<meta property=\"og:image:type\" content=\"image\/jpeg\" \/>\n<meta name=\"twitter:card\" content=\"summary_large_image\" \/>\n<meta name=\"twitter:site\" content=\"@Agripro_Africa\" \/>\n<script type=\"application\/ld+json\" class=\"yoast-schema-graph\">{\"@context\":\"https:\\\/\\\/schema.org\",\"@graph\":[{\"@type\":\"WebPage\",\"@id\":\"https:\\\/\\\/agriproafrica.net\\\/produit\\\/tracteur-serie-bh\\\/\",\"url\":\"https:\\\/\\\/agriproafrica.net\\\/produit\\\/tracteur-serie-bh\\\/\",\"name\":\"Valtra S\u00e9rie BH - AGRIPRO\",\"isPartOf\":{\"@id\":\"https:\\\/\\\/agriproafrica.net\\\/fr_fr\\\/#website\"},\"primaryImageOfPage\":{\"@id\":\"https:\\\/\\\/agriproafrica.net\\\/produit\\\/tracteur-serie-bh\\\/#primaryimage\"},\"image\":{\"@id\":\"https:\\\/\\\/agriproafrica.net\\\/produit\\\/tracteur-serie-bh\\\/#primaryimage\"},\"thumbnailUrl\":\"https:\\\/\\\/agriproafrica.net\\\/wp-content\\\/uploads\\\/2024\\\/07\\\/BH214_MIA_2017_VALTRA_0325.jpg\",\"datePublished\":\"2024-09-06T10:11:23+00:00\",\"dateModified\":\"2024-09-06T10:53:36+00:00\",\"breadcrumb\":{\"@id\":\"https:\\\/\\\/agriproafrica.net\\\/produit\\\/tracteur-serie-bh\\\/#breadcrumb\"},\"inLanguage\":\"en-US\",\"potentialAction\":[{\"@type\":\"ReadAction\",\"target\":[\"https:\\\/\\\/agriproafrica.net\\\/produit\\\/tracteur-serie-bh\\\/\"]}]},{\"@type\":\"ImageObject\",\"inLanguage\":\"en-US\",\"@id\":\"https:\\\/\\\/agriproafrica.net\\\/produit\\\/tracteur-serie-bh\\\/#primaryimage\",\"url\":\"https:\\\/\\\/agriproafrica.net\\\/wp-content\\\/uploads\\\/2024\\\/07\\\/BH214_MIA_2017_VALTRA_0325.jpg\",\"contentUrl\":\"https:\\\/\\\/agriproafrica.net\\\/wp-content\\\/uploads\\\/2024\\\/07\\\/BH214_MIA_2017_VALTRA_0325.jpg\",\"width\":800,\"height\":533},{\"@type\":\"BreadcrumbList\",\"@id\":\"https:\\\/\\\/agriproafrica.net\\\/produit\\\/tracteur-serie-bh\\\/#breadcrumb\",\"itemListElement\":[{\"@type\":\"ListItem\",\"position\":1,\"name\":\"Accueil\",\"item\":\"https:\\\/\\\/agriproafrica.net\\\/\"},{\"@type\":\"ListItem\",\"position\":2,\"name\":\"Produits\",\"item\":\"https:\\\/\\\/agriproafrica.net\\\/produits\\\/\"},{\"@type\":\"ListItem\",\"position\":3,\"name\":\"Valtra S\u00e9rie BH\"}]},{\"@type\":\"WebSite\",\"@id\":\"https:\\\/\\\/agriproafrica.net\\\/fr_fr\\\/#website\",\"url\":\"https:\\\/\\\/agriproafrica.net\\\/fr_fr\\\/\",\"name\":\"AGRIPRO\",\"description\":\"\",\"publisher\":{\"@id\":\"https:\\\/\\\/agriproafrica.net\\\/fr_fr\\\/#organization\"},\"potentialAction\":[{\"@type\":\"SearchAction\",\"target\":{\"@type\":\"EntryPoint\",\"urlTemplate\":\"https:\\\/\\\/agriproafrica.net\\\/fr_fr\\\/?s={search_term_string}\"},\"query-input\":{\"@type\":\"PropertyValueSpecification\",\"valueRequired\":true,\"valueName\":\"search_term_string\"}}],\"inLanguage\":\"en-US\"},{\"@type\":\"Organization\",\"@id\":\"https:\\\/\\\/agriproafrica.net\\\/fr_fr\\\/#organization\",\"name\":\"AGRIPRO\",\"url\":\"https:\\\/\\\/agriproafrica.net\\\/fr_fr\\\/\",\"logo\":{\"@type\":\"ImageObject\",\"inLanguage\":\"en-US\",\"@id\":\"https:\\\/\\\/agriproafrica.net\\\/fr_fr\\\/#\\\/schema\\\/logo\\\/image\\\/\",\"url\":\"https:\\\/\\\/agriproafrica.net\\\/wp-content\\\/uploads\\\/2024\\\/07\\\/Logo-agripro.png\",\"contentUrl\":\"https:\\\/\\\/agriproafrica.net\\\/wp-content\\\/uploads\\\/2024\\\/07\\\/Logo-agripro.png\",\"width\":280,\"height\":144,\"caption\":\"AGRIPRO\"},\"image\":{\"@id\":\"https:\\\/\\\/agriproafrica.net\\\/fr_fr\\\/#\\\/schema\\\/logo\\\/image\\\/\"},\"sameAs\":[\"http:\\\/\\\/facebook.com\\\/AgriproAfrica\",\"https:\\\/\\\/x.com\\\/Agripro_Africa\"]}]}<\/script>\n<!-- \/ Yoast SEO plugin. -->","yoast_head_json":{"title":"Valtra S\u00e9rie BH - AGRIPRO","robots":{"index":"index","follow":"follow","max-snippet":"max-snippet:-1","max-image-preview":"max-image-preview:large","max-video-preview":"max-video-preview:-1"},"canonical":"https:\/\/agriproafrica.net\/en\/product\/tracteur-serie-bh\/","og_locale":"en_US","og_type":"article","og_title":"Valtra S\u00e9rie BH - AGRIPRO","og_description":"Pour rester en t\u00eate, il \u00e9tait n\u00e9cessaire de r\u00e9soudre les d\u00e9fis quotidiens auxquels sont confront\u00e9s les agriculteurs d\u2019aujourd\u2019hui - nouveaux outils et le besoin de conseils et de pr\u00e9cision.   Sa transmission m\u00e9canique robuste est disponible avec des moteurs AGCO Power 4 et 6 cylindres.  Le Valtra BH demeure un tracteur simple et robuste. Il est facile \u00e0 utiliser et \u00e0 entretenir. Valtra allie tradition et innovation pour offrir un produit parfait dans le secteur agricole actuel","og_url":"https:\/\/agriproafrica.net\/en\/product\/tracteur-serie-bh\/","og_site_name":"AGRIPRO","article_publisher":"http:\/\/facebook.com\/AgriproAfrica","article_modified_time":"2024-09-06T10:53:36+00:00","og_image":[{"width":800,"height":533,"url":"https:\/\/agriproafrica.net\/wp-content\/uploads\/2024\/07\/BH214_MIA_2017_VALTRA_0325.jpg","type":"image\/jpeg"}],"twitter_card":"summary_large_image","twitter_site":"@Agripro_Africa","schema":{"@context":"https:\/\/schema.org","@graph":[{"@type":"WebPage","@id":"https:\/\/agriproafrica.net\/produit\/tracteur-serie-bh\/","url":"https:\/\/agriproafrica.net\/produit\/tracteur-serie-bh\/","name":"Valtra S\u00e9rie BH - AGRIPRO","isPartOf":{"@id":"https:\/\/agriproafrica.net\/fr_fr\/#website"},"primaryImageOfPage":{"@id":"https:\/\/agriproafrica.net\/produit\/tracteur-serie-bh\/#primaryimage"},"image":{"@id":"https:\/\/agriproafrica.net\/produit\/tracteur-serie-bh\/#primaryimage"},"thumbnailUrl":"https:\/\/agriproafrica.net\/wp-content\/uploads\/2024\/07\/BH214_MIA_2017_VALTRA_0325.jpg","datePublished":"2024-09-06T10:11:23+00:00","dateModified":"2024-09-06T10:53:36+00:00","breadcrumb":{"@id":"https:\/\/agriproafrica.net\/produit\/tracteur-serie-bh\/#breadcrumb"},"inLanguage":"en-US","potentialAction":[{"@type":"ReadAction","target":["https:\/\/agriproafrica.net\/produit\/tracteur-serie-bh\/"]}]},{"@type":"ImageObject","inLanguage":"en-US","@id":"https:\/\/agriproafrica.net\/produit\/tracteur-serie-bh\/#primaryimage","url":"https:\/\/agriproafrica.net\/wp-content\/uploads\/2024\/07\/BH214_MIA_2017_VALTRA_0325.jpg","contentUrl":"https:\/\/agriproafrica.net\/wp-content\/uploads\/2024\/07\/BH214_MIA_2017_VALTRA_0325.jpg","width":800,"height":533},{"@type":"BreadcrumbList","@id":"https:\/\/agriproafrica.net\/produit\/tracteur-serie-bh\/#breadcrumb","itemListElement":[{"@type":"ListItem","position":1,"name":"Accueil","item":"https:\/\/agriproafrica.net\/"},{"@type":"ListItem","position":2,"name":"Produits","item":"https:\/\/agriproafrica.net\/produits\/"},{"@type":"ListItem","position":3,"name":"Valtra S\u00e9rie BH"}]},{"@type":"WebSite","@id":"https:\/\/agriproafrica.net\/fr_fr\/#website","url":"https:\/\/agriproafrica.net\/fr_fr\/","name":"AGRIPRO","description":"","publisher":{"@id":"https:\/\/agriproafrica.net\/fr_fr\/#organization"},"potentialAction":[{"@type":"SearchAction","target":{"@type":"EntryPoint","urlTemplate":"https:\/\/agriproafrica.net\/fr_fr\/?s={search_term_string}"},"query-input":{"@type":"PropertyValueSpecification","valueRequired":true,"valueName":"search_term_string"}}],"inLanguage":"en-US"},{"@type":"Organization","@id":"https:\/\/agriproafrica.net\/fr_fr\/#organization","name":"AGRIPRO","url":"https:\/\/agriproafrica.net\/fr_fr\/","logo":{"@type":"ImageObject","inLanguage":"en-US","@id":"https:\/\/agriproafrica.net\/fr_fr\/#\/schema\/logo\/image\/","url":"https:\/\/agriproafrica.net\/wp-content\/uploads\/2024\/07\/Logo-agripro.png","contentUrl":"https:\/\/agriproafrica.net\/wp-content\/uploads\/2024\/07\/Logo-agripro.png","width":280,"height":144,"caption":"AGRIPRO"},"image":{"@id":"https:\/\/agriproafrica.net\/fr_fr\/#\/schema\/logo\/image\/"},"sameAs":["http:\/\/facebook.com\/AgriproAfrica","https:\/\/x.com\/Agripro_Africa"]}]}},"_links":{"self":[{"href":"https:\/\/agriproafrica.net\/en\/wp-json\/wp\/v2\/product\/495","targetHints":{"allow":["GET"]}}],"collection":[{"href":"https:\/\/agriproafrica.net\/en\/wp-json\/wp\/v2\/product"}],"about":[{"href":"https:\/\/agriproafrica.net\/en\/wp-json\/wp\/v2\/types\/product"}],"wp:featuredmedia":[{"embeddable":true,"href":"https:\/\/agriproafrica.net\/en\/wp-json\/wp\/v2\/media\/1198"}],"wp:attachment":[{"href":"https:\/\/agriproafrica.net\/en\/wp-json\/wp\/v2\/media?parent=495"}],"wp:term":[{"taxonomy":"product_brand","embeddable":true,"href":"https:\/\/agriproafrica.net\/en\/wp-json\/wp\/v2\/product_brand?post=495"},{"taxonomy":"product_cat","embeddable":true,"href":"https:\/\/agriproafrica.net\/en\/wp-json\/wp\/v2\/product_cat?post=495"},{"taxonomy":"product_tag","embeddable":true,"href":"https:\/\/agriproafrica.net\/en\/wp-json\/wp\/v2\/product_tag?post=495"}],"curies":[{"name":"wp","href":"https:\/\/api.w.org\/{rel}","templated":true}]}}