{"id":497,"date":"2024-09-06T10:10:05","date_gmt":"2024-09-06T10:10:05","guid":{"rendered":"https:\/\/agriproafrica.net\/?post_type=product&#038;p=497"},"modified":"2024-09-06T10:58:57","modified_gmt":"2024-09-06T10:58:57","slug":"tracteur-serie-t","status":"publish","type":"product","link":"https:\/\/agriproafrica.net\/en\/product\/tracteur-serie-t\/","title":{"rendered":"Valtra T Series"},"content":{"rendered":"","protected":false},"excerpt":{"rendered":"<p>Beauty, intelligence, and strength of spirit\u2014the award-winning T Series tractor is a winner on all fronts, combining the power of smart technology with the strength of a 6-cylinder engine. Step into the cabin, and the tractor offers you an exceptional driving experience, with perfect visibility all year round and plenty of space. The convenient A-pillar display lets you access information and control functions exactly where you need them. Valtra\u2019s smart technologies give you complete control over your work. The king of all terrains, the T Series starts up and moves smoothly while you reap the rewards. When you value power, precision, and profit, the T Series is your workhorse.<\/p>","protected":false},"featured_media":1196,"template":"","meta":{"site-sidebar-layout":"default","site-content-layout":"","ast-site-content-layout":"default","site-content-style":"default","site-sidebar-style":"default","ast-global-header-display":"","ast-banner-title-visibility":"","ast-main-header-display":"","ast-hfb-above-header-display":"","ast-hfb-below-header-display":"","ast-hfb-mobile-header-display":"","site-post-title":"","ast-breadcrumbs-content":"","ast-featured-img":"","footer-sml-layout":"","ast-disable-related-posts":"","theme-transparent-header-meta":"default","adv-header-id-meta":"","stick-header-meta":"","header-above-stick-meta":"","header-main-stick-meta":"","header-below-stick-meta":"","astra-migrate-meta-layouts":"set","ast-page-background-enabled":"default","ast-page-background-meta":{"desktop":{"background-color":"var(--ast-global-color-4)","background-image":"","background-repeat":"repeat","background-position":"center center","background-size":"auto","background-attachment":"scroll","background-type":"","background-media":"","overlay-type":"","overlay-color":"","overlay-opacity":"","overlay-gradient":""},"tablet":{"background-color":"","background-image":"","background-repeat":"repeat","background-position":"center center","background-size":"auto","background-attachment":"scroll","background-type":"","background-media":"","overlay-type":"","overlay-color":"","overlay-opacity":"","overlay-gradient":""},"mobile":{"background-color":"","background-image":"","background-repeat":"repeat","background-position":"center center","background-size":"auto","background-attachment":"scroll","background-type":"","background-media":"","overlay-type":"","overlay-color":"","overlay-opacity":"","overlay-gradient":""}},"ast-content-background-meta":{"desktop":{"background-color":"var(--ast-global-color-5)","background-image":"","background-repeat":"repeat","background-position":"center center","background-size":"auto","background-attachment":"scroll","background-type":"","background-media":"","overlay-type":"","overlay-color":"","overlay-opacity":"","overlay-gradient":""},"tablet":{"background-color":"var(--ast-global-color-5)","background-image":"","background-repeat":"repeat","background-position":"center center","background-size":"auto","background-attachment":"scroll","background-type":"","background-media":"","overlay-type":"","overlay-color":"","overlay-opacity":"","overlay-gradient":""},"mobile":{"background-color":"var(--ast-global-color-5)","background-image":"","background-repeat":"repeat","background-position":"center center","background-size":"auto","background-attachment":"scroll","background-type":"","background-media":"","overlay-type":"","overlay-color":"","overlay-opacity":"","overlay-gradient":""}}},"product_brand":[],"product_cat":[22],"product_tag":[],"class_list":{"0":"post-497","1":"product","2":"type-product","3":"status-publish","4":"has-post-thumbnail","6":"product_cat-tracteurs","7":"desktop-align-left","8":"tablet-align-left","9":"mobile-align-left","11":"first","12":"instock","13":"shipping-taxable","14":"product-type-simple"},"yoast_head":"<!-- This site is optimized with the Yoast SEO plugin v27.4 - https:\/\/yoast.com\/product\/yoast-seo-wordpress\/ -->\n<title>Valtra S\u00e9rie T - AGRIPRO<\/title>\n<meta name=\"robots\" content=\"index, follow, max-snippet:-1, max-image-preview:large, max-video-preview:-1\" \/>\n<link rel=\"canonical\" href=\"https:\/\/agriproafrica.net\/en\/product\/tracteur-serie-t\/\" \/>\n<meta property=\"og:locale\" content=\"en_US\" \/>\n<meta property=\"og:type\" content=\"article\" \/>\n<meta property=\"og:title\" content=\"Valtra S\u00e9rie T - AGRIPRO\" \/>\n<meta property=\"og:description\" content=\"Beaut\u00e9, intelligence et force de l\u2019esprit \u2013 le tracteur prim\u00e9 de la s\u00e9rie T est un gagnant sur tous les fronts, combinant la puissance de la technologie intelligente avec la force d\u2019un moteur \u00e0 6 cylindres. Entrez dans la cabine et le tracteur vous offre une exp\u00e9rience de conduite exceptionnelle, avec une visibilit\u00e9 parfaite 365 jours par an et beaucoup d\u2019espace. L\u2019affichage pratique de la colonne A vous permet d\u2019obtenir des informations et de contr\u00f4ler les commandes l\u00e0 o\u00f9 vous en avez besoin. Les technologies intelligentes de Valtra vous donnent un contr\u00f4le complet sur votre travail. Le roi de tous les terrains, la s\u00e9rie T se met en route et se d\u00e9place en douceur pendant que vous r\u00e9coltez les b\u00e9n\u00e9fices. Lorsque vous appr\u00e9ciez la puissance, la pr\u00e9cision et le profit, la s\u00e9rie T est votre machine de travail.\" \/>\n<meta property=\"og:url\" content=\"https:\/\/agriproafrica.net\/en\/product\/tracteur-serie-t\/\" \/>\n<meta property=\"og:site_name\" content=\"AGRIPRO\" \/>\n<meta property=\"article:publisher\" content=\"http:\/\/facebook.com\/AgriproAfrica\" \/>\n<meta property=\"article:modified_time\" content=\"2024-09-06T10:58:57+00:00\" \/>\n<meta property=\"og:image\" content=\"https:\/\/agriproafrica.net\/wp-content\/uploads\/2024\/07\/VALTRA-T4-Nurmi-4666_89181.jpg\" \/>\n\t<meta property=\"og:image:width\" content=\"799\" \/>\n\t<meta property=\"og:image:height\" content=\"472\" \/>\n\t<meta property=\"og:image:type\" content=\"image\/jpeg\" \/>\n<meta name=\"twitter:card\" content=\"summary_large_image\" \/>\n<meta name=\"twitter:site\" content=\"@Agripro_Africa\" \/>\n<script type=\"application\/ld+json\" class=\"yoast-schema-graph\">{\"@context\":\"https:\\\/\\\/schema.org\",\"@graph\":[{\"@type\":\"WebPage\",\"@id\":\"https:\\\/\\\/agriproafrica.net\\\/produit\\\/tracteur-serie-t\\\/\",\"url\":\"https:\\\/\\\/agriproafrica.net\\\/produit\\\/tracteur-serie-t\\\/\",\"name\":\"Valtra S\u00e9rie T - AGRIPRO\",\"isPartOf\":{\"@id\":\"https:\\\/\\\/agriproafrica.net\\\/fr_fr\\\/#website\"},\"primaryImageOfPage\":{\"@id\":\"https:\\\/\\\/agriproafrica.net\\\/produit\\\/tracteur-serie-t\\\/#primaryimage\"},\"image\":{\"@id\":\"https:\\\/\\\/agriproafrica.net\\\/produit\\\/tracteur-serie-t\\\/#primaryimage\"},\"thumbnailUrl\":\"https:\\\/\\\/agriproafrica.net\\\/wp-content\\\/uploads\\\/2024\\\/07\\\/VALTRA-T4-Nurmi-4666_89181.jpg\",\"datePublished\":\"2024-09-06T10:10:05+00:00\",\"dateModified\":\"2024-09-06T10:58:57+00:00\",\"breadcrumb\":{\"@id\":\"https:\\\/\\\/agriproafrica.net\\\/produit\\\/tracteur-serie-t\\\/#breadcrumb\"},\"inLanguage\":\"en-US\",\"potentialAction\":[{\"@type\":\"ReadAction\",\"target\":[\"https:\\\/\\\/agriproafrica.net\\\/produit\\\/tracteur-serie-t\\\/\"]}]},{\"@type\":\"ImageObject\",\"inLanguage\":\"en-US\",\"@id\":\"https:\\\/\\\/agriproafrica.net\\\/produit\\\/tracteur-serie-t\\\/#primaryimage\",\"url\":\"https:\\\/\\\/agriproafrica.net\\\/wp-content\\\/uploads\\\/2024\\\/07\\\/VALTRA-T4-Nurmi-4666_89181.jpg\",\"contentUrl\":\"https:\\\/\\\/agriproafrica.net\\\/wp-content\\\/uploads\\\/2024\\\/07\\\/VALTRA-T4-Nurmi-4666_89181.jpg\",\"width\":799,\"height\":472},{\"@type\":\"BreadcrumbList\",\"@id\":\"https:\\\/\\\/agriproafrica.net\\\/produit\\\/tracteur-serie-t\\\/#breadcrumb\",\"itemListElement\":[{\"@type\":\"ListItem\",\"position\":1,\"name\":\"Accueil\",\"item\":\"https:\\\/\\\/agriproafrica.net\\\/\"},{\"@type\":\"ListItem\",\"position\":2,\"name\":\"Produits\",\"item\":\"https:\\\/\\\/agriproafrica.net\\\/produits\\\/\"},{\"@type\":\"ListItem\",\"position\":3,\"name\":\"Valtra S\u00e9rie T\"}]},{\"@type\":\"WebSite\",\"@id\":\"https:\\\/\\\/agriproafrica.net\\\/fr_fr\\\/#website\",\"url\":\"https:\\\/\\\/agriproafrica.net\\\/fr_fr\\\/\",\"name\":\"AGRIPRO\",\"description\":\"\",\"publisher\":{\"@id\":\"https:\\\/\\\/agriproafrica.net\\\/fr_fr\\\/#organization\"},\"potentialAction\":[{\"@type\":\"SearchAction\",\"target\":{\"@type\":\"EntryPoint\",\"urlTemplate\":\"https:\\\/\\\/agriproafrica.net\\\/fr_fr\\\/?s={search_term_string}\"},\"query-input\":{\"@type\":\"PropertyValueSpecification\",\"valueRequired\":true,\"valueName\":\"search_term_string\"}}],\"inLanguage\":\"en-US\"},{\"@type\":\"Organization\",\"@id\":\"https:\\\/\\\/agriproafrica.net\\\/fr_fr\\\/#organization\",\"name\":\"AGRIPRO\",\"url\":\"https:\\\/\\\/agriproafrica.net\\\/fr_fr\\\/\",\"logo\":{\"@type\":\"ImageObject\",\"inLanguage\":\"en-US\",\"@id\":\"https:\\\/\\\/agriproafrica.net\\\/fr_fr\\\/#\\\/schema\\\/logo\\\/image\\\/\",\"url\":\"https:\\\/\\\/agriproafrica.net\\\/wp-content\\\/uploads\\\/2024\\\/07\\\/Logo-agripro.png\",\"contentUrl\":\"https:\\\/\\\/agriproafrica.net\\\/wp-content\\\/uploads\\\/2024\\\/07\\\/Logo-agripro.png\",\"width\":280,\"height\":144,\"caption\":\"AGRIPRO\"},\"image\":{\"@id\":\"https:\\\/\\\/agriproafrica.net\\\/fr_fr\\\/#\\\/schema\\\/logo\\\/image\\\/\"},\"sameAs\":[\"http:\\\/\\\/facebook.com\\\/AgriproAfrica\",\"https:\\\/\\\/x.com\\\/Agripro_Africa\"]}]}<\/script>\n<!-- \/ Yoast SEO plugin. -->","yoast_head_json":{"title":"Valtra S\u00e9rie T - AGRIPRO","robots":{"index":"index","follow":"follow","max-snippet":"max-snippet:-1","max-image-preview":"max-image-preview:large","max-video-preview":"max-video-preview:-1"},"canonical":"https:\/\/agriproafrica.net\/en\/product\/tracteur-serie-t\/","og_locale":"en_US","og_type":"article","og_title":"Valtra S\u00e9rie T - AGRIPRO","og_description":"Beaut\u00e9, intelligence et force de l\u2019esprit \u2013 le tracteur prim\u00e9 de la s\u00e9rie T est un gagnant sur tous les fronts, combinant la puissance de la technologie intelligente avec la force d\u2019un moteur \u00e0 6 cylindres. Entrez dans la cabine et le tracteur vous offre une exp\u00e9rience de conduite exceptionnelle, avec une visibilit\u00e9 parfaite 365 jours par an et beaucoup d\u2019espace. L\u2019affichage pratique de la colonne A vous permet d\u2019obtenir des informations et de contr\u00f4ler les commandes l\u00e0 o\u00f9 vous en avez besoin. Les technologies intelligentes de Valtra vous donnent un contr\u00f4le complet sur votre travail. Le roi de tous les terrains, la s\u00e9rie T se met en route et se d\u00e9place en douceur pendant que vous r\u00e9coltez les b\u00e9n\u00e9fices. Lorsque vous appr\u00e9ciez la puissance, la pr\u00e9cision et le profit, la s\u00e9rie T est votre machine de travail.","og_url":"https:\/\/agriproafrica.net\/en\/product\/tracteur-serie-t\/","og_site_name":"AGRIPRO","article_publisher":"http:\/\/facebook.com\/AgriproAfrica","article_modified_time":"2024-09-06T10:58:57+00:00","og_image":[{"width":799,"height":472,"url":"https:\/\/agriproafrica.net\/wp-content\/uploads\/2024\/07\/VALTRA-T4-Nurmi-4666_89181.jpg","type":"image\/jpeg"}],"twitter_card":"summary_large_image","twitter_site":"@Agripro_Africa","schema":{"@context":"https:\/\/schema.org","@graph":[{"@type":"WebPage","@id":"https:\/\/agriproafrica.net\/produit\/tracteur-serie-t\/","url":"https:\/\/agriproafrica.net\/produit\/tracteur-serie-t\/","name":"Valtra S\u00e9rie T - AGRIPRO","isPartOf":{"@id":"https:\/\/agriproafrica.net\/fr_fr\/#website"},"primaryImageOfPage":{"@id":"https:\/\/agriproafrica.net\/produit\/tracteur-serie-t\/#primaryimage"},"image":{"@id":"https:\/\/agriproafrica.net\/produit\/tracteur-serie-t\/#primaryimage"},"thumbnailUrl":"https:\/\/agriproafrica.net\/wp-content\/uploads\/2024\/07\/VALTRA-T4-Nurmi-4666_89181.jpg","datePublished":"2024-09-06T10:10:05+00:00","dateModified":"2024-09-06T10:58:57+00:00","breadcrumb":{"@id":"https:\/\/agriproafrica.net\/produit\/tracteur-serie-t\/#breadcrumb"},"inLanguage":"en-US","potentialAction":[{"@type":"ReadAction","target":["https:\/\/agriproafrica.net\/produit\/tracteur-serie-t\/"]}]},{"@type":"ImageObject","inLanguage":"en-US","@id":"https:\/\/agriproafrica.net\/produit\/tracteur-serie-t\/#primaryimage","url":"https:\/\/agriproafrica.net\/wp-content\/uploads\/2024\/07\/VALTRA-T4-Nurmi-4666_89181.jpg","contentUrl":"https:\/\/agriproafrica.net\/wp-content\/uploads\/2024\/07\/VALTRA-T4-Nurmi-4666_89181.jpg","width":799,"height":472},{"@type":"BreadcrumbList","@id":"https:\/\/agriproafrica.net\/produit\/tracteur-serie-t\/#breadcrumb","itemListElement":[{"@type":"ListItem","position":1,"name":"Accueil","item":"https:\/\/agriproafrica.net\/"},{"@type":"ListItem","position":2,"name":"Produits","item":"https:\/\/agriproafrica.net\/produits\/"},{"@type":"ListItem","position":3,"name":"Valtra S\u00e9rie T"}]},{"@type":"WebSite","@id":"https:\/\/agriproafrica.net\/fr_fr\/#website","url":"https:\/\/agriproafrica.net\/fr_fr\/","name":"AGRIPRO","description":"","publisher":{"@id":"https:\/\/agriproafrica.net\/fr_fr\/#organization"},"potentialAction":[{"@type":"SearchAction","target":{"@type":"EntryPoint","urlTemplate":"https:\/\/agriproafrica.net\/fr_fr\/?s={search_term_string}"},"query-input":{"@type":"PropertyValueSpecification","valueRequired":true,"valueName":"search_term_string"}}],"inLanguage":"en-US"},{"@type":"Organization","@id":"https:\/\/agriproafrica.net\/fr_fr\/#organization","name":"AGRIPRO","url":"https:\/\/agriproafrica.net\/fr_fr\/","logo":{"@type":"ImageObject","inLanguage":"en-US","@id":"https:\/\/agriproafrica.net\/fr_fr\/#\/schema\/logo\/image\/","url":"https:\/\/agriproafrica.net\/wp-content\/uploads\/2024\/07\/Logo-agripro.png","contentUrl":"https:\/\/agriproafrica.net\/wp-content\/uploads\/2024\/07\/Logo-agripro.png","width":280,"height":144,"caption":"AGRIPRO"},"image":{"@id":"https:\/\/agriproafrica.net\/fr_fr\/#\/schema\/logo\/image\/"},"sameAs":["http:\/\/facebook.com\/AgriproAfrica","https:\/\/x.com\/Agripro_Africa"]}]}},"_links":{"self":[{"href":"https:\/\/agriproafrica.net\/en\/wp-json\/wp\/v2\/product\/497","targetHints":{"allow":["GET"]}}],"collection":[{"href":"https:\/\/agriproafrica.net\/en\/wp-json\/wp\/v2\/product"}],"about":[{"href":"https:\/\/agriproafrica.net\/en\/wp-json\/wp\/v2\/types\/product"}],"wp:featuredmedia":[{"embeddable":true,"href":"https:\/\/agriproafrica.net\/en\/wp-json\/wp\/v2\/media\/1196"}],"wp:attachment":[{"href":"https:\/\/agriproafrica.net\/en\/wp-json\/wp\/v2\/media?parent=497"}],"wp:term":[{"taxonomy":"product_brand","embeddable":true,"href":"https:\/\/agriproafrica.net\/en\/wp-json\/wp\/v2\/product_brand?post=497"},{"taxonomy":"product_cat","embeddable":true,"href":"https:\/\/agriproafrica.net\/en\/wp-json\/wp\/v2\/product_cat?post=497"},{"taxonomy":"product_tag","embeddable":true,"href":"https:\/\/agriproafrica.net\/en\/wp-json\/wp\/v2\/product_tag?post=497"}],"curies":[{"name":"wp","href":"https:\/\/api.w.org\/{rel}","templated":true}]}}