{"id":1612,"date":"2025-04-17T13:33:18","date_gmt":"2025-04-17T13:33:18","guid":{"rendered":"https:\/\/agriproafrica.net\/?page_id=1612"},"modified":"2025-04-17T13:48:11","modified_gmt":"2025-04-17T13:48:11","slug":"accompagnement-projet","status":"publish","type":"page","link":"https:\/\/agriproafrica.net\/fr_fr\/accompagnement-projet\/","title":{"rendered":"Accompagnement projet"},"content":{"rendered":"\t\t<div data-elementor-type=\"wp-page\" data-elementor-id=\"1612\" class=\"elementor elementor-1612\">\n\t\t\t\t<div class=\"elementor-element elementor-element-7d2dc23 e-flex e-con-boxed e-con e-parent\" data-id=\"7d2dc23\" data-element_type=\"container\" data-e-type=\"container\" data-settings=\"{&quot;background_background&quot;:&quot;classic&quot;}\">\n\t\t\t\t\t<div class=\"e-con-inner\">\n\t\t\t\t<div class=\"elementor-element elementor-element-336fcde elementor-widget elementor-widget-heading\" data-id=\"336fcde\" data-element_type=\"widget\" data-e-type=\"widget\" data-widget_type=\"heading.default\">\n\t\t\t\t<div class=\"elementor-widget-container\">\n\t\t\t\t\t<h2 class=\"elementor-heading-title elementor-size-default\">Accompagnement projet<\/h2>\t\t\t\t<\/div>\n\t\t\t\t<\/div>\n\t\t\t\t<div class=\"elementor-element elementor-element-2ccba69 elementor-widget elementor-widget-text-editor\" data-id=\"2ccba69\" data-element_type=\"widget\" data-e-type=\"widget\" data-widget_type=\"text-editor.default\">\n\t\t\t\t<div class=\"elementor-widget-container\">\n\t\t\t\t\t\t\t\t\tR\u00e9alisez vos Ambitions Agricoles\t\t\t\t\t\t\t\t<\/div>\n\t\t\t\t<\/div>\n\t\t\t\t\t<\/div>\n\t\t\t\t<\/div>\n\t\t<div class=\"elementor-element elementor-element-9d9d941 e-flex e-con-boxed e-con e-parent\" data-id=\"9d9d941\" data-element_type=\"container\" data-e-type=\"container\">\n\t\t\t\t\t<div class=\"e-con-inner\">\n\t\t\t\t<div class=\"elementor-element elementor-element-030d750 elementor-widget elementor-widget-spacer\" data-id=\"030d750\" data-element_type=\"widget\" data-e-type=\"widget\" data-widget_type=\"spacer.default\">\n\t\t\t\t<div class=\"elementor-widget-container\">\n\t\t\t\t\t\t\t<div class=\"elementor-spacer\">\n\t\t\t<div class=\"elementor-spacer-inner\"><\/div>\n\t\t<\/div>\n\t\t\t\t\t\t<\/div>\n\t\t\t\t<\/div>\n\t\t\t\t\t<\/div>\n\t\t\t\t<\/div>\n\t\t<div class=\"elementor-element elementor-element-60e5e87 e-flex e-con-boxed e-con e-parent\" data-id=\"60e5e87\" data-element_type=\"container\" data-e-type=\"container\" data-settings=\"{&quot;background_background&quot;:&quot;classic&quot;}\">\n\t\t\t\t\t<div class=\"e-con-inner\">\n\t\t<div class=\"elementor-element elementor-element-9a9515f e-con-full elementor-hidden-mobile e-flex e-con e-child\" data-id=\"9a9515f\" data-element_type=\"container\" data-e-type=\"container\" data-settings=\"{&quot;background_background&quot;:&quot;classic&quot;}\">\n\t\t\t\t<div class=\"elementor-element elementor-element-e625b03 elementor-widget-mobile__width-initial elementor-widget elementor-widget-image\" data-id=\"e625b03\" data-element_type=\"widget\" data-e-type=\"widget\" data-widget_type=\"image.default\">\n\t\t\t\t<div class=\"elementor-widget-container\">\n\t\t\t\t\t\t\t\t\t\t\t\t\t\t\t<img decoding=\"async\" width=\"280\" height=\"144\" src=\"https:\/\/agriproafrica.net\/wp-content\/uploads\/2024\/07\/Logo-agripro-116x60.png\" class=\"attachment-large size-large wp-image-402\" alt=\"\" srcset=\"https:\/\/agriproafrica.net\/wp-content\/uploads\/2024\/07\/Logo-agripro.png 280w, https:\/\/agriproafrica.net\/wp-content\/uploads\/2024\/07\/Logo-agripro-18x9.png 18w, https:\/\/agriproafrica.net\/wp-content\/uploads\/2024\/07\/Logo-agripro-116x60.png 116w\" sizes=\"(max-width: 280px) 100vw, 280px\" \/>\t\t\t\t\t\t\t\t\t\t\t\t\t\t\t<\/div>\n\t\t\t\t<\/div>\n\t\t\t\t<\/div>\n\t\t<div class=\"elementor-element elementor-element-2d12a8a e-con-full e-flex e-con e-child\" data-id=\"2d12a8a\" data-element_type=\"container\" data-e-type=\"container\">\n\t\t\t\t<div class=\"elementor-element elementor-element-4639473 elementor-widget elementor-widget-text-editor\" data-id=\"4639473\" data-element_type=\"widget\" data-e-type=\"widget\" data-widget_type=\"text-editor.default\">\n\t\t\t\t<div class=\"elementor-widget-container\">\n\t\t\t\t\t\t\t\t\t<p>Un projet agricole en t\u00eate ? Parlez-nous-en d\u00e8s aujourd\u2019hui ! Ensemble, nous trouverons les solutions pour le concr\u00e9tiser et le faire prosp\u00e9rer.<br \/><span style=\"font-style: inherit; font-weight: inherit;\"><br \/>Nous sommes l\u00e0 pour transformer vos id\u00e9es en projets concrets et r\u00e9ussis. De la\u00a0<\/span><span style=\"font-style: inherit; font-weight: inherit;\">conception \u00e0 la mise en \u0153uvre, nous vous accompagnons \u00e0 chaque \u00e9tape avec des\u00a0<\/span><span style=\"font-style: inherit; font-weight: inherit;\">solutions adapt\u00e9es \u00e0 vos besoins et \u00e0 votre exploitation.<\/span><\/p><p>Qu\u2019il s\u2019agisse d\u2019\u00e9tudier la faisabilit\u00e9, de choisir les \u00e9quipements ou de former vos \u00e9quipes, nous simplifions chaque \u00e9tape pour vous permettre d\u2019atteindre vos objectifs sereinement.<\/p><p>Nous vous offrons une formation syst\u00e9matique sur le terrain \u00e0 chaque nouvelle acquisition de mat\u00e9riel. Nous proposons \u00e9galement des sessions de formation \u00e0 distance pour toucher un plus large publique, ainsi que des ateliers de d\u00e9monstration et des journ\u00e9es techniques organis\u00e9s avec nos partenaires.<\/p>\t\t\t\t\t\t\t\t<\/div>\n\t\t\t\t<\/div>\n\t\t\t\t<div class=\"elementor-element elementor-element-61cf0f1 elementor-widget elementor-widget-button\" data-id=\"61cf0f1\" data-element_type=\"widget\" data-e-type=\"widget\" data-widget_type=\"button.default\">\n\t\t\t\t<div class=\"elementor-widget-container\">\n\t\t\t\t\t\t\t\t\t<div class=\"elementor-button-wrapper\">\n\t\t\t\t\t<a class=\"elementor-button elementor-button-link elementor-size-sm\" href=\"https:\/\/agriproafrica.net\/contact\/\">\n\t\t\t\t\t\t<span class=\"elementor-button-content-wrapper\">\n\t\t\t\t\t\t\t\t\t<span class=\"elementor-button-text\">Contactez-nous<\/span>\n\t\t\t\t\t<\/span>\n\t\t\t\t\t<\/a>\n\t\t\t\t<\/div>\n\t\t\t\t\t\t\t\t<\/div>\n\t\t\t\t<\/div>\n\t\t\t\t<\/div>\n\t\t\t\t\t<\/div>\n\t\t\t\t<\/div>\n\t\t<div class=\"elementor-element elementor-element-8d1937c e-flex e-con-boxed e-con e-parent\" data-id=\"8d1937c\" data-element_type=\"container\" data-e-type=\"container\">\n\t\t\t\t\t<div class=\"e-con-inner\">\n\t\t\t\t<div class=\"elementor-element elementor-element-6ec8bb1 elementor-widget elementor-widget-spacer\" data-id=\"6ec8bb1\" data-element_type=\"widget\" data-e-type=\"widget\" data-widget_type=\"spacer.default\">\n\t\t\t\t<div class=\"elementor-widget-container\">\n\t\t\t\t\t\t\t<div class=\"elementor-spacer\">\n\t\t\t<div class=\"elementor-spacer-inner\"><\/div>\n\t\t<\/div>\n\t\t\t\t\t\t<\/div>\n\t\t\t\t<\/div>\n\t\t\t\t\t<\/div>\n\t\t\t\t<\/div>\n\t\t\t\t<\/div>\n\t\t","protected":false},"excerpt":{"rendered":"<p>Accompagnement projet R\u00e9alisez vos Ambitions Agricoles Un projet agricole en t\u00eate ? Parlez-nous-en d\u00e8s aujourd\u2019hui ! Ensemble, nous trouverons les [&hellip;]<\/p>\n","protected":false},"author":1,"featured_media":65,"parent":0,"menu_order":0,"comment_status":"closed","ping_status":"closed","template":"","meta":{"site-sidebar-layout":"no-sidebar","site-content-layout":"","ast-site-content-layout":"full-width-container","site-content-style":"default","site-sidebar-style":"default","ast-global-header-display":"","ast-banner-title-visibility":"","ast-main-header-display":"","ast-hfb-above-header-display":"","ast-hfb-below-header-display":"","ast-hfb-mobile-header-display":"","site-post-title":"disabled","ast-breadcrumbs-content":"","ast-featured-img":"disabled","footer-sml-layout":"","ast-disable-related-posts":"","theme-transparent-header-meta":"","adv-header-id-meta":"","stick-header-meta":"","header-above-stick-meta":"","header-main-stick-meta":"","header-below-stick-meta":"","astra-migrate-meta-layouts":"default","ast-page-background-enabled":"default","ast-page-background-meta":{"desktop":{"background-color":"var(--ast-global-color-4)","background-image":"","background-repeat":"repeat","background-position":"center center","background-size":"auto","background-attachment":"scroll","background-type":"","background-media":"","overlay-type":"","overlay-color":"","overlay-opacity":"","overlay-gradient":""},"tablet":{"background-color":"","background-image":"","background-repeat":"repeat","background-position":"center center","background-size":"auto","background-attachment":"scroll","background-type":"","background-media":"","overlay-type":"","overlay-color":"","overlay-opacity":"","overlay-gradient":""},"mobile":{"background-color":"","background-image":"","background-repeat":"repeat","background-position":"center center","background-size":"auto","background-attachment":"scroll","background-type":"","background-media":"","overlay-type":"","overlay-color":"","overlay-opacity":"","overlay-gradient":""}},"ast-content-background-meta":{"desktop":{"background-color":"var(--ast-global-color-5)","background-image":"","background-repeat":"repeat","background-position":"center center","background-size":"auto","background-attachment":"scroll","background-type":"","background-media":"","overlay-type":"","overlay-color":"","overlay-opacity":"","overlay-gradient":""},"tablet":{"background-color":"var(--ast-global-color-5)","background-image":"","background-repeat":"repeat","background-position":"center center","background-size":"auto","background-attachment":"scroll","background-type":"","background-media":"","overlay-type":"","overlay-color":"","overlay-opacity":"","overlay-gradient":""},"mobile":{"background-color":"var(--ast-global-color-5)","background-image":"","background-repeat":"repeat","background-position":"center center","background-size":"auto","background-attachment":"scroll","background-type":"","background-media":"","overlay-type":"","overlay-color":"","overlay-opacity":"","overlay-gradient":""}},"footnotes":""},"class_list":["post-1612","page","type-page","status-publish","has-post-thumbnail","hentry"],"yoast_head":"<!-- This site is optimized with the Yoast SEO plugin v27.4 - https:\/\/yoast.com\/product\/yoast-seo-wordpress\/ -->\n<title>Accompagnement projet - AGRIPRO<\/title>\n<meta name=\"robots\" content=\"index, follow, max-snippet:-1, max-image-preview:large, max-video-preview:-1\" \/>\n<link rel=\"canonical\" href=\"https:\/\/agriproafrica.net\/fr_fr\/accompagnement-projet\/\" \/>\n<meta property=\"og:locale\" content=\"fr_FR\" \/>\n<meta property=\"og:type\" content=\"article\" \/>\n<meta property=\"og:title\" content=\"Accompagnement projet - AGRIPRO\" \/>\n<meta property=\"og:description\" content=\"Accompagnement projet R\u00e9alisez vos Ambitions Agricoles Un projet agricole en t\u00eate ? Parlez-nous-en d\u00e8s aujourd\u2019hui ! Ensemble, nous trouverons les [&hellip;]\" \/>\n<meta property=\"og:url\" content=\"https:\/\/agriproafrica.net\/fr_fr\/accompagnement-projet\/\" \/>\n<meta property=\"og:site_name\" content=\"AGRIPRO\" \/>\n<meta property=\"article:publisher\" content=\"http:\/\/facebook.com\/AgriproAfrica\" \/>\n<meta property=\"article:modified_time\" content=\"2025-04-17T13:48:11+00:00\" \/>\n<meta property=\"og:image\" content=\"https:\/\/agriproafrica.net\/wp-content\/uploads\/2024\/06\/agripro1.jpg\" \/>\n\t<meta property=\"og:image:width\" content=\"980\" \/>\n\t<meta property=\"og:image:height\" content=\"462\" \/>\n\t<meta property=\"og:image:type\" content=\"image\/jpeg\" \/>\n<meta name=\"twitter:card\" content=\"summary_large_image\" \/>\n<meta name=\"twitter:site\" content=\"@Agripro_Africa\" \/>\n<meta name=\"twitter:label1\" content=\"Dur\u00e9e de lecture estim\u00e9e\" \/>\n\t<meta name=\"twitter:data1\" content=\"1 minute\" \/>\n<script type=\"application\/ld+json\" class=\"yoast-schema-graph\">{\"@context\":\"https:\\\/\\\/schema.org\",\"@graph\":[{\"@type\":\"WebPage\",\"@id\":\"https:\\\/\\\/agriproafrica.net\\\/accompagnement-projet\\\/\",\"url\":\"https:\\\/\\\/agriproafrica.net\\\/accompagnement-projet\\\/\",\"name\":\"Accompagnement projet - AGRIPRO\",\"isPartOf\":{\"@id\":\"https:\\\/\\\/agriproafrica.net\\\/fr_fr\\\/#website\"},\"primaryImageOfPage\":{\"@id\":\"https:\\\/\\\/agriproafrica.net\\\/accompagnement-projet\\\/#primaryimage\"},\"image\":{\"@id\":\"https:\\\/\\\/agriproafrica.net\\\/accompagnement-projet\\\/#primaryimage\"},\"thumbnailUrl\":\"https:\\\/\\\/agriproafrica.net\\\/wp-content\\\/uploads\\\/2024\\\/06\\\/agripro1.jpg\",\"datePublished\":\"2025-04-17T13:33:18+00:00\",\"dateModified\":\"2025-04-17T13:48:11+00:00\",\"breadcrumb\":{\"@id\":\"https:\\\/\\\/agriproafrica.net\\\/accompagnement-projet\\\/#breadcrumb\"},\"inLanguage\":\"fr-FR\",\"potentialAction\":[{\"@type\":\"ReadAction\",\"target\":[\"https:\\\/\\\/agriproafrica.net\\\/accompagnement-projet\\\/\"]}]},{\"@type\":\"ImageObject\",\"inLanguage\":\"fr-FR\",\"@id\":\"https:\\\/\\\/agriproafrica.net\\\/accompagnement-projet\\\/#primaryimage\",\"url\":\"https:\\\/\\\/agriproafrica.net\\\/wp-content\\\/uploads\\\/2024\\\/06\\\/agripro1.jpg\",\"contentUrl\":\"https:\\\/\\\/agriproafrica.net\\\/wp-content\\\/uploads\\\/2024\\\/06\\\/agripro1.jpg\",\"width\":980,\"height\":462},{\"@type\":\"BreadcrumbList\",\"@id\":\"https:\\\/\\\/agriproafrica.net\\\/accompagnement-projet\\\/#breadcrumb\",\"itemListElement\":[{\"@type\":\"ListItem\",\"position\":1,\"name\":\"Accueil\",\"item\":\"https:\\\/\\\/agriproafrica.net\\\/\"},{\"@type\":\"ListItem\",\"position\":2,\"name\":\"Accompagnement projet\"}]},{\"@type\":\"WebSite\",\"@id\":\"https:\\\/\\\/agriproafrica.net\\\/fr_fr\\\/#website\",\"url\":\"https:\\\/\\\/agriproafrica.net\\\/fr_fr\\\/\",\"name\":\"AGRIPRO\",\"description\":\"\",\"publisher\":{\"@id\":\"https:\\\/\\\/agriproafrica.net\\\/fr_fr\\\/#organization\"},\"potentialAction\":[{\"@type\":\"SearchAction\",\"target\":{\"@type\":\"EntryPoint\",\"urlTemplate\":\"https:\\\/\\\/agriproafrica.net\\\/fr_fr\\\/?s={search_term_string}\"},\"query-input\":{\"@type\":\"PropertyValueSpecification\",\"valueRequired\":true,\"valueName\":\"search_term_string\"}}],\"inLanguage\":\"fr-FR\"},{\"@type\":\"Organization\",\"@id\":\"https:\\\/\\\/agriproafrica.net\\\/fr_fr\\\/#organization\",\"name\":\"AGRIPRO\",\"url\":\"https:\\\/\\\/agriproafrica.net\\\/fr_fr\\\/\",\"logo\":{\"@type\":\"ImageObject\",\"inLanguage\":\"fr-FR\",\"@id\":\"https:\\\/\\\/agriproafrica.net\\\/fr_fr\\\/#\\\/schema\\\/logo\\\/image\\\/\",\"url\":\"https:\\\/\\\/agriproafrica.net\\\/wp-content\\\/uploads\\\/2024\\\/07\\\/Logo-agripro.png\",\"contentUrl\":\"https:\\\/\\\/agriproafrica.net\\\/wp-content\\\/uploads\\\/2024\\\/07\\\/Logo-agripro.png\",\"width\":280,\"height\":144,\"caption\":\"AGRIPRO\"},\"image\":{\"@id\":\"https:\\\/\\\/agriproafrica.net\\\/fr_fr\\\/#\\\/schema\\\/logo\\\/image\\\/\"},\"sameAs\":[\"http:\\\/\\\/facebook.com\\\/AgriproAfrica\",\"https:\\\/\\\/x.com\\\/Agripro_Africa\"]}]}<\/script>\n<!-- \/ Yoast SEO plugin. -->","yoast_head_json":{"title":"Accompagnement projet - AGRIPRO","robots":{"index":"index","follow":"follow","max-snippet":"max-snippet:-1","max-image-preview":"max-image-preview:large","max-video-preview":"max-video-preview:-1"},"canonical":"https:\/\/agriproafrica.net\/fr_fr\/accompagnement-projet\/","og_locale":"fr_FR","og_type":"article","og_title":"Accompagnement projet - AGRIPRO","og_description":"Accompagnement projet R\u00e9alisez vos Ambitions Agricoles Un projet agricole en t\u00eate ? Parlez-nous-en d\u00e8s aujourd\u2019hui ! Ensemble, nous trouverons les [&hellip;]","og_url":"https:\/\/agriproafrica.net\/fr_fr\/accompagnement-projet\/","og_site_name":"AGRIPRO","article_publisher":"http:\/\/facebook.com\/AgriproAfrica","article_modified_time":"2025-04-17T13:48:11+00:00","og_image":[{"width":980,"height":462,"url":"https:\/\/agriproafrica.net\/wp-content\/uploads\/2024\/06\/agripro1.jpg","type":"image\/jpeg"}],"twitter_card":"summary_large_image","twitter_site":"@Agripro_Africa","twitter_misc":{"Dur\u00e9e de lecture estim\u00e9e":"1 minute"},"schema":{"@context":"https:\/\/schema.org","@graph":[{"@type":"WebPage","@id":"https:\/\/agriproafrica.net\/accompagnement-projet\/","url":"https:\/\/agriproafrica.net\/accompagnement-projet\/","name":"Accompagnement projet - AGRIPRO","isPartOf":{"@id":"https:\/\/agriproafrica.net\/fr_fr\/#website"},"primaryImageOfPage":{"@id":"https:\/\/agriproafrica.net\/accompagnement-projet\/#primaryimage"},"image":{"@id":"https:\/\/agriproafrica.net\/accompagnement-projet\/#primaryimage"},"thumbnailUrl":"https:\/\/agriproafrica.net\/wp-content\/uploads\/2024\/06\/agripro1.jpg","datePublished":"2025-04-17T13:33:18+00:00","dateModified":"2025-04-17T13:48:11+00:00","breadcrumb":{"@id":"https:\/\/agriproafrica.net\/accompagnement-projet\/#breadcrumb"},"inLanguage":"fr-FR","potentialAction":[{"@type":"ReadAction","target":["https:\/\/agriproafrica.net\/accompagnement-projet\/"]}]},{"@type":"ImageObject","inLanguage":"fr-FR","@id":"https:\/\/agriproafrica.net\/accompagnement-projet\/#primaryimage","url":"https:\/\/agriproafrica.net\/wp-content\/uploads\/2024\/06\/agripro1.jpg","contentUrl":"https:\/\/agriproafrica.net\/wp-content\/uploads\/2024\/06\/agripro1.jpg","width":980,"height":462},{"@type":"BreadcrumbList","@id":"https:\/\/agriproafrica.net\/accompagnement-projet\/#breadcrumb","itemListElement":[{"@type":"ListItem","position":1,"name":"Accueil","item":"https:\/\/agriproafrica.net\/"},{"@type":"ListItem","position":2,"name":"Accompagnement projet"}]},{"@type":"WebSite","@id":"https:\/\/agriproafrica.net\/fr_fr\/#website","url":"https:\/\/agriproafrica.net\/fr_fr\/","name":"AGRIPRO","description":"","publisher":{"@id":"https:\/\/agriproafrica.net\/fr_fr\/#organization"},"potentialAction":[{"@type":"SearchAction","target":{"@type":"EntryPoint","urlTemplate":"https:\/\/agriproafrica.net\/fr_fr\/?s={search_term_string}"},"query-input":{"@type":"PropertyValueSpecification","valueRequired":true,"valueName":"search_term_string"}}],"inLanguage":"fr-FR"},{"@type":"Organization","@id":"https:\/\/agriproafrica.net\/fr_fr\/#organization","name":"AGRIPRO","url":"https:\/\/agriproafrica.net\/fr_fr\/","logo":{"@type":"ImageObject","inLanguage":"fr-FR","@id":"https:\/\/agriproafrica.net\/fr_fr\/#\/schema\/logo\/image\/","url":"https:\/\/agriproafrica.net\/wp-content\/uploads\/2024\/07\/Logo-agripro.png","contentUrl":"https:\/\/agriproafrica.net\/wp-content\/uploads\/2024\/07\/Logo-agripro.png","width":280,"height":144,"caption":"AGRIPRO"},"image":{"@id":"https:\/\/agriproafrica.net\/fr_fr\/#\/schema\/logo\/image\/"},"sameAs":["http:\/\/facebook.com\/AgriproAfrica","https:\/\/x.com\/Agripro_Africa"]}]}},"_links":{"self":[{"href":"https:\/\/agriproafrica.net\/fr_fr\/wp-json\/wp\/v2\/pages\/1612","targetHints":{"allow":["GET"]}}],"collection":[{"href":"https:\/\/agriproafrica.net\/fr_fr\/wp-json\/wp\/v2\/pages"}],"about":[{"href":"https:\/\/agriproafrica.net\/fr_fr\/wp-json\/wp\/v2\/types\/page"}],"author":[{"embeddable":true,"href":"https:\/\/agriproafrica.net\/fr_fr\/wp-json\/wp\/v2\/users\/1"}],"replies":[{"embeddable":true,"href":"https:\/\/agriproafrica.net\/fr_fr\/wp-json\/wp\/v2\/comments?post=1612"}],"version-history":[{"count":13,"href":"https:\/\/agriproafrica.net\/fr_fr\/wp-json\/wp\/v2\/pages\/1612\/revisions"}],"predecessor-version":[{"id":1666,"href":"https:\/\/agriproafrica.net\/fr_fr\/wp-json\/wp\/v2\/pages\/1612\/revisions\/1666"}],"wp:featuredmedia":[{"embeddable":true,"href":"https:\/\/agriproafrica.net\/fr_fr\/wp-json\/wp\/v2\/media\/65"}],"wp:attachment":[{"href":"https:\/\/agriproafrica.net\/fr_fr\/wp-json\/wp\/v2\/media?parent=1612"}],"curies":[{"name":"wp","href":"https:\/\/api.w.org\/{rel}","templated":true}]}}