{"id":1210,"date":"2024-09-06T10:10:57","date_gmt":"2024-09-06T10:10:57","guid":{"rendered":"https:\/\/agriproafrica.net\/?post_type=product&#038;p=1210"},"modified":"2024-09-06T10:13:26","modified_gmt":"2024-09-06T10:13:26","slug":"valtra-moissonneuse-batteuse","status":"publish","type":"product","link":"https:\/\/agriproafrica.net\/fr_fr\/produit\/valtra-moissonneuse-batteuse\/","title":{"rendered":"Valtra &#8211; Moissonneuse batteuse"},"content":{"rendered":"","protected":false},"excerpt":{"rendered":"<div class=\"p-workspace__primary_view_body\">\n<div class=\"p-message_pane p-message_pane--classic-nav p-message_pane--scrollbar-float-adjustment p-message_pane--with-bookmarks-bar p-message_pane--with-bookmarks-bar-open\" data-qa=\"message_pane\">\n<div>\n<div role=\"presentation\">\n<div class=\"c-virtual_list c-virtual_list--scrollbar c-message_list c-message_list--floating c-scrollbar c-scrollbar--fade\" role=\"presentation\">\n<div class=\"c-scrollbar__hider\" role=\"presentation\" data-qa=\"slack_kit_scrollbar\">\n<div class=\"c-scrollbar__child\" role=\"presentation\">\n<div class=\"c-virtual_list__scroll_container\" role=\"list\" data-qa=\"slack_kit_list\" aria-label=\"Moustapha Kachab (message direct, absent)\">\n<div id=\"1723814939.907609\" class=\"c-virtual_list__item\" tabindex=\"0\" role=\"listitem\" aria-label=\"Moustapha Kachab. D\u00e9couvrez la moissonneuse-batteuse Valtra, con\u00e7ue pour r\u00e9pondre aux exigences des agriculteurs modernes. Alliant robustesse et technologie avanc\u00e9e, cette machine est votre alli\u00e9e incontournable pour des r\u00e9coltes optimis\u00e9es. Dot\u00e9e d'un moteur puissant et \u00e9conome en carburant, la Valtra garantit des performances exceptionnelles m\u00eame dans les conditions les plus difficiles. Son syst\u00e8me de battage innovant assure un traitement en douceur des grains tout en maximisant le rendement. Avec une cabine spacieuse et ergonomique, le confort de l'op\u00e9rateur est au premier plan, offrant une visibilit\u00e9 panoramique et des commandes intuitives. La moissonneuse-batteuse Valtra est \u00e9galement \u00e9quip\u00e9e d'une technologie de pointe pour le contr\u00f4le pr\u00e9cis de la coupe et la gestion des r\u00e9sidus, rendant votre travail plus efficace et productif. Que vous cultiviez des c\u00e9r\u00e9ales, des ol\u00e9agineux ou des l\u00e9gumineuses, la Valtra s'adapte \u00e0 vos besoins gr\u00e2ce \u00e0 ses multiples configurations et accessoires disponibles. Faites confiance \u00e0 Valtra pour une moisson r\u00e9ussie, saison apr\u00e8s saison. \u00c0 13 h 28.\" aria-setsize=\"-1\" data-qa=\"virtual-list-item\" data-item-key=\"1723814939.907609\">\n<div class=\"c-message_kit__background p-message_pane_message__message c-message_kit__message p-message_pane_message__message--last\" role=\"presentation\" data-qa=\"message_container\" data-qa-unprocessed=\"false\" data-qa-placeholder=\"false\">\n<div class=\"c-message_kit__hover\" role=\"document\" aria-roledescription=\"message\" data-qa-hover=\"true\">\n<div class=\"c-message_kit__actions c-message_kit__actions--default\">\n<div class=\"c-message_kit__gutter\">\n<div class=\"c-message_kit__gutter__right\" role=\"presentation\" data-qa=\"message_content\">\n<div class=\"c-message_kit__blocks c-message_kit__blocks--rich_text\">\n<div class=\"c-message__message_blocks c-message__message_blocks--rich_text\" data-qa=\"message-text\">\n<div class=\"p-block_kit_renderer\" data-qa=\"block-kit-renderer\">\n<div class=\"p-block_kit_renderer__block_wrapper p-block_kit_renderer__block_wrapper--first\">\n<div class=\"p-rich_text_block\" dir=\"auto\">\n<div class=\"p-rich_text_section\">D\u00e9couvrez la moissonneuse-batteuse Valtra, con\u00e7ue pour r\u00e9pondre aux exigences des agriculteurs modernes. Alliant robustesse et technologie avanc\u00e9e, cette machine est votre alli\u00e9e incontournable pour des r\u00e9coltes optimis\u00e9es. Dot\u00e9e d&rsquo;un moteur puissant et \u00e9conome en carburant, la Valtra garantit des performances exceptionnelles m\u00eame dans les conditions les plus difficiles.Son syst\u00e8me de battage innovant assure un traitement en douceur des grains tout en maximisant le rendement. Avec une cabine spacieuse et ergonomique, le confort de l&rsquo;op\u00e9rateur est au premier plan, offrant une visibilit\u00e9 panoramique et des commandes intuitives. La moissonneuse-batteuse Valtra est \u00e9galement \u00e9quip\u00e9e d&rsquo;une technologie de pointe pour le contr\u00f4le pr\u00e9cis de la coupe et la gestion des r\u00e9sidus, rendant votre travail plus efficace et productif.Que vous cultiviez des c\u00e9r\u00e9ales, des ol\u00e9agineux ou des l\u00e9gumineuses, la Valtra s&rsquo;adapte \u00e0 vos besoins gr\u00e2ce \u00e0 ses multiples configurations et accessoires disponibles. Faites confiance \u00e0 Valtra pour une moisson r\u00e9ussie, saison apr\u00e8s saison.<\/div>\n<\/div>\n<\/div>\n<\/div>\n<\/div>\n<\/div>\n<\/div>\n<\/div>\n<div class=\"c-message_actions__container c-message__actions c-message__actions--offscreen\" role=\"group\">\n<div class=\"c-message_actions__group\" role=\"group\" aria-label=\"Actions sur les messages\" data-qa=\"message-actions\"><\/div>\n<\/div>\n<\/div>\n<\/div>\n<\/div>\n<\/div>\n<\/div>\n<\/div>\n<\/div>\n<div class=\"c-scrollbar__track\" role=\"presentation\">\n<div class=\"c-scrollbar__bar\" tabindex=\"-1\" role=\"presentation\"><\/div>\n<\/div>\n<\/div>\n<\/div>\n<\/div>\n<div class=\"resize-triggers\">\n<div class=\"expand-trigger\">\n<div><\/div>\n<\/div>\n<div class=\"contract-trigger\"><\/div>\n<\/div>\n<\/div>\n<\/div>\n<div class=\"workspace__primary_view_footer p-workspace__primary_view_footer--float\">\n<div class=\"p-message_pane_input\" data-qa=\"message_input_container\">\n<div class=\"p-message_pane_input_inner\">\n<div class=\"p-message_pane_input_inner_top\"><\/div>\n<div class=\"p-message_pane_input_inner_main\">\n<div class=\"p-workspace__input p-message_input_unstyled p-message_input_unstyled--attachments-visible\" role=\"group\" aria-label=\"\u00e9diteur\">\n<div class=\"p-message_input__input_container_unstyled c-wysiwyg_container c-wysiwyg_container--theme_light c-wysiwyg_container--with_footer c-wysiwyg_container--theme_light_bordered c-basic_container c-basic_container--size_medium\">\n<div class=\"c-basic_container__body\">\n<div class=\"c-wysiwyg_container__formatting\" role=\"toolbar\" aria-orientation=\"horizontal\" aria-label=\"Mise en forme\" data-qa=\"wysiwyg-container_formatting-enabled\">\n<div class=\"p-texty_sticky_formatting_bar\">\n<div>\n<div class=\"p-composer__body p-composer__body--visible p-composer__body--unstyled\"><\/div>\n<\/div>\n<\/div>\n<\/div>\n<\/div>\n<\/div>\n<\/div>\n<\/div>\n<\/div>\n<\/div>\n<\/div>\n","protected":false},"featured_media":1213,"template":"","meta":{"site-sidebar-layout":"default","site-content-layout":"","ast-site-content-layout":"default","site-content-style":"default","site-sidebar-style":"default","ast-global-header-display":"","ast-banner-title-visibility":"","ast-main-header-display":"","ast-hfb-above-header-display":"","ast-hfb-below-header-display":"","ast-hfb-mobile-header-display":"","site-post-title":"","ast-breadcrumbs-content":"","ast-featured-img":"","footer-sml-layout":"","ast-disable-related-posts":"","theme-transparent-header-meta":"default","adv-header-id-meta":"","stick-header-meta":"","header-above-stick-meta":"","header-main-stick-meta":"","header-below-stick-meta":"","astra-migrate-meta-layouts":"set","ast-page-background-enabled":"default","ast-page-background-meta":{"desktop":{"background-color":"var(--ast-global-color-4)","background-image":"","background-repeat":"repeat","background-position":"center center","background-size":"auto","background-attachment":"scroll","background-type":"","background-media":"","overlay-type":"","overlay-color":"","overlay-opacity":"","overlay-gradient":""},"tablet":{"background-color":"","background-image":"","background-repeat":"repeat","background-position":"center center","background-size":"auto","background-attachment":"scroll","background-type":"","background-media":"","overlay-type":"","overlay-color":"","overlay-opacity":"","overlay-gradient":""},"mobile":{"background-color":"","background-image":"","background-repeat":"repeat","background-position":"center center","background-size":"auto","background-attachment":"scroll","background-type":"","background-media":"","overlay-type":"","overlay-color":"","overlay-opacity":"","overlay-gradient":""}},"ast-content-background-meta":{"desktop":{"background-color":"var(--ast-global-color-5)","background-image":"","background-repeat":"repeat","background-position":"center center","background-size":"auto","background-attachment":"scroll","background-type":"","background-media":"","overlay-type":"","overlay-color":"","overlay-opacity":"","overlay-gradient":""},"tablet":{"background-color":"var(--ast-global-color-5)","background-image":"","background-repeat":"repeat","background-position":"center center","background-size":"auto","background-attachment":"scroll","background-type":"","background-media":"","overlay-type":"","overlay-color":"","overlay-opacity":"","overlay-gradient":""},"mobile":{"background-color":"var(--ast-global-color-5)","background-image":"","background-repeat":"repeat","background-position":"center center","background-size":"auto","background-attachment":"scroll","background-type":"","background-media":"","overlay-type":"","overlay-color":"","overlay-opacity":"","overlay-gradient":""}}},"product_brand":[],"product_cat":[38],"product_tag":[],"class_list":{"0":"post-1210","1":"product","2":"type-product","3":"status-publish","4":"has-post-thumbnail","6":"product_cat-materiels-de-battage","7":"desktop-align-left","8":"tablet-align-left","9":"mobile-align-left","11":"first","12":"instock","13":"shipping-taxable","14":"product-type-simple"},"yoast_head":"<!-- This site is optimized with the Yoast SEO plugin v27.4 - https:\/\/yoast.com\/product\/yoast-seo-wordpress\/ -->\n<title>Valtra - Moissonneuse batteuse - AGRIPRO<\/title>\n<meta name=\"robots\" content=\"index, follow, max-snippet:-1, max-image-preview:large, max-video-preview:-1\" \/>\n<link rel=\"canonical\" href=\"https:\/\/agriproafrica.net\/fr_fr\/produit\/valtra-moissonneuse-batteuse\/\" \/>\n<meta property=\"og:locale\" content=\"fr_FR\" \/>\n<meta property=\"og:type\" content=\"article\" \/>\n<meta property=\"og:title\" content=\"Valtra - Moissonneuse batteuse - AGRIPRO\" \/>\n<meta property=\"og:description\" content=\"D\u00e9couvrez la moissonneuse-batteuse Valtra, con\u00e7ue pour r\u00e9pondre aux exigences des agriculteurs modernes. Alliant robustesse et technologie avanc\u00e9e, cette machine est votre alli\u00e9e incontournable pour des r\u00e9coltes optimis\u00e9es. Dot\u00e9e d&#039;un moteur puissant et \u00e9conome en carburant, la Valtra garantit des performances exceptionnelles m\u00eame dans les conditions les plus difficiles.Son syst\u00e8me de battage innovant assure un traitement en douceur des grains tout en maximisant le rendement. Avec une cabine spacieuse et ergonomique, le confort de l&#039;op\u00e9rateur est au premier plan, offrant une visibilit\u00e9 panoramique et des commandes intuitives. La moissonneuse-batteuse Valtra est \u00e9galement \u00e9quip\u00e9e d&#039;une technologie de pointe pour le contr\u00f4le pr\u00e9cis de la coupe et la gestion des r\u00e9sidus, rendant votre travail plus efficace et productif.Que vous cultiviez des c\u00e9r\u00e9ales, des ol\u00e9agineux ou des l\u00e9gumineuses, la Valtra s&#039;adapte \u00e0 vos besoins gr\u00e2ce \u00e0 ses multiples configurations et accessoires disponibles. Faites confiance \u00e0 Valtra pour une moisson r\u00e9ussie, saison apr\u00e8s saison.\" \/>\n<meta property=\"og:url\" content=\"https:\/\/agriproafrica.net\/fr_fr\/produit\/valtra-moissonneuse-batteuse\/\" \/>\n<meta property=\"og:site_name\" content=\"AGRIPRO\" \/>\n<meta property=\"article:publisher\" content=\"http:\/\/facebook.com\/AgriproAfrica\" \/>\n<meta property=\"article:modified_time\" content=\"2024-09-06T10:13:26+00:00\" \/>\n<meta property=\"og:image\" content=\"https:\/\/agriproafrica.net\/wp-content\/uploads\/2024\/08\/IMG_0034_100508.452.jpg\" \/>\n\t<meta property=\"og:image:width\" content=\"800\" \/>\n\t<meta property=\"og:image:height\" content=\"533\" \/>\n\t<meta property=\"og:image:type\" content=\"image\/jpeg\" \/>\n<meta name=\"twitter:card\" content=\"summary_large_image\" \/>\n<meta name=\"twitter:site\" content=\"@Agripro_Africa\" \/>\n<script type=\"application\/ld+json\" class=\"yoast-schema-graph\">{\"@context\":\"https:\\\/\\\/schema.org\",\"@graph\":[{\"@type\":\"WebPage\",\"@id\":\"https:\\\/\\\/agriproafrica.net\\\/produit\\\/valtra-moissonneuse-batteuse\\\/\",\"url\":\"https:\\\/\\\/agriproafrica.net\\\/produit\\\/valtra-moissonneuse-batteuse\\\/\",\"name\":\"Valtra - Moissonneuse batteuse - AGRIPRO\",\"isPartOf\":{\"@id\":\"https:\\\/\\\/agriproafrica.net\\\/fr_fr\\\/#website\"},\"primaryImageOfPage\":{\"@id\":\"https:\\\/\\\/agriproafrica.net\\\/produit\\\/valtra-moissonneuse-batteuse\\\/#primaryimage\"},\"image\":{\"@id\":\"https:\\\/\\\/agriproafrica.net\\\/produit\\\/valtra-moissonneuse-batteuse\\\/#primaryimage\"},\"thumbnailUrl\":\"https:\\\/\\\/agriproafrica.net\\\/wp-content\\\/uploads\\\/2024\\\/08\\\/IMG_0034_100508.452.jpg\",\"datePublished\":\"2024-09-06T10:10:57+00:00\",\"dateModified\":\"2024-09-06T10:13:26+00:00\",\"breadcrumb\":{\"@id\":\"https:\\\/\\\/agriproafrica.net\\\/produit\\\/valtra-moissonneuse-batteuse\\\/#breadcrumb\"},\"inLanguage\":\"fr-FR\",\"potentialAction\":[{\"@type\":\"ReadAction\",\"target\":[\"https:\\\/\\\/agriproafrica.net\\\/produit\\\/valtra-moissonneuse-batteuse\\\/\"]}]},{\"@type\":\"ImageObject\",\"inLanguage\":\"fr-FR\",\"@id\":\"https:\\\/\\\/agriproafrica.net\\\/produit\\\/valtra-moissonneuse-batteuse\\\/#primaryimage\",\"url\":\"https:\\\/\\\/agriproafrica.net\\\/wp-content\\\/uploads\\\/2024\\\/08\\\/IMG_0034_100508.452.jpg\",\"contentUrl\":\"https:\\\/\\\/agriproafrica.net\\\/wp-content\\\/uploads\\\/2024\\\/08\\\/IMG_0034_100508.452.jpg\",\"width\":800,\"height\":533},{\"@type\":\"BreadcrumbList\",\"@id\":\"https:\\\/\\\/agriproafrica.net\\\/produit\\\/valtra-moissonneuse-batteuse\\\/#breadcrumb\",\"itemListElement\":[{\"@type\":\"ListItem\",\"position\":1,\"name\":\"Accueil\",\"item\":\"https:\\\/\\\/agriproafrica.net\\\/\"},{\"@type\":\"ListItem\",\"position\":2,\"name\":\"Produits\",\"item\":\"https:\\\/\\\/agriproafrica.net\\\/produits\\\/\"},{\"@type\":\"ListItem\",\"position\":3,\"name\":\"Valtra &#8211; Moissonneuse batteuse\"}]},{\"@type\":\"WebSite\",\"@id\":\"https:\\\/\\\/agriproafrica.net\\\/fr_fr\\\/#website\",\"url\":\"https:\\\/\\\/agriproafrica.net\\\/fr_fr\\\/\",\"name\":\"AGRIPRO\",\"description\":\"\",\"publisher\":{\"@id\":\"https:\\\/\\\/agriproafrica.net\\\/fr_fr\\\/#organization\"},\"potentialAction\":[{\"@type\":\"SearchAction\",\"target\":{\"@type\":\"EntryPoint\",\"urlTemplate\":\"https:\\\/\\\/agriproafrica.net\\\/fr_fr\\\/?s={search_term_string}\"},\"query-input\":{\"@type\":\"PropertyValueSpecification\",\"valueRequired\":true,\"valueName\":\"search_term_string\"}}],\"inLanguage\":\"fr-FR\"},{\"@type\":\"Organization\",\"@id\":\"https:\\\/\\\/agriproafrica.net\\\/fr_fr\\\/#organization\",\"name\":\"AGRIPRO\",\"url\":\"https:\\\/\\\/agriproafrica.net\\\/fr_fr\\\/\",\"logo\":{\"@type\":\"ImageObject\",\"inLanguage\":\"fr-FR\",\"@id\":\"https:\\\/\\\/agriproafrica.net\\\/fr_fr\\\/#\\\/schema\\\/logo\\\/image\\\/\",\"url\":\"https:\\\/\\\/agriproafrica.net\\\/wp-content\\\/uploads\\\/2024\\\/07\\\/Logo-agripro.png\",\"contentUrl\":\"https:\\\/\\\/agriproafrica.net\\\/wp-content\\\/uploads\\\/2024\\\/07\\\/Logo-agripro.png\",\"width\":280,\"height\":144,\"caption\":\"AGRIPRO\"},\"image\":{\"@id\":\"https:\\\/\\\/agriproafrica.net\\\/fr_fr\\\/#\\\/schema\\\/logo\\\/image\\\/\"},\"sameAs\":[\"http:\\\/\\\/facebook.com\\\/AgriproAfrica\",\"https:\\\/\\\/x.com\\\/Agripro_Africa\"]}]}<\/script>\n<!-- \/ Yoast SEO plugin. -->","yoast_head_json":{"title":"Valtra - Moissonneuse batteuse - AGRIPRO","robots":{"index":"index","follow":"follow","max-snippet":"max-snippet:-1","max-image-preview":"max-image-preview:large","max-video-preview":"max-video-preview:-1"},"canonical":"https:\/\/agriproafrica.net\/fr_fr\/produit\/valtra-moissonneuse-batteuse\/","og_locale":"fr_FR","og_type":"article","og_title":"Valtra - Moissonneuse batteuse - AGRIPRO","og_description":"D\u00e9couvrez la moissonneuse-batteuse Valtra, con\u00e7ue pour r\u00e9pondre aux exigences des agriculteurs modernes. Alliant robustesse et technologie avanc\u00e9e, cette machine est votre alli\u00e9e incontournable pour des r\u00e9coltes optimis\u00e9es. Dot\u00e9e d'un moteur puissant et \u00e9conome en carburant, la Valtra garantit des performances exceptionnelles m\u00eame dans les conditions les plus difficiles.Son syst\u00e8me de battage innovant assure un traitement en douceur des grains tout en maximisant le rendement. Avec une cabine spacieuse et ergonomique, le confort de l'op\u00e9rateur est au premier plan, offrant une visibilit\u00e9 panoramique et des commandes intuitives. La moissonneuse-batteuse Valtra est \u00e9galement \u00e9quip\u00e9e d'une technologie de pointe pour le contr\u00f4le pr\u00e9cis de la coupe et la gestion des r\u00e9sidus, rendant votre travail plus efficace et productif.Que vous cultiviez des c\u00e9r\u00e9ales, des ol\u00e9agineux ou des l\u00e9gumineuses, la Valtra s'adapte \u00e0 vos besoins gr\u00e2ce \u00e0 ses multiples configurations et accessoires disponibles. Faites confiance \u00e0 Valtra pour une moisson r\u00e9ussie, saison apr\u00e8s saison.","og_url":"https:\/\/agriproafrica.net\/fr_fr\/produit\/valtra-moissonneuse-batteuse\/","og_site_name":"AGRIPRO","article_publisher":"http:\/\/facebook.com\/AgriproAfrica","article_modified_time":"2024-09-06T10:13:26+00:00","og_image":[{"width":800,"height":533,"url":"https:\/\/agriproafrica.net\/wp-content\/uploads\/2024\/08\/IMG_0034_100508.452.jpg","type":"image\/jpeg"}],"twitter_card":"summary_large_image","twitter_site":"@Agripro_Africa","schema":{"@context":"https:\/\/schema.org","@graph":[{"@type":"WebPage","@id":"https:\/\/agriproafrica.net\/produit\/valtra-moissonneuse-batteuse\/","url":"https:\/\/agriproafrica.net\/produit\/valtra-moissonneuse-batteuse\/","name":"Valtra - Moissonneuse batteuse - AGRIPRO","isPartOf":{"@id":"https:\/\/agriproafrica.net\/fr_fr\/#website"},"primaryImageOfPage":{"@id":"https:\/\/agriproafrica.net\/produit\/valtra-moissonneuse-batteuse\/#primaryimage"},"image":{"@id":"https:\/\/agriproafrica.net\/produit\/valtra-moissonneuse-batteuse\/#primaryimage"},"thumbnailUrl":"https:\/\/agriproafrica.net\/wp-content\/uploads\/2024\/08\/IMG_0034_100508.452.jpg","datePublished":"2024-09-06T10:10:57+00:00","dateModified":"2024-09-06T10:13:26+00:00","breadcrumb":{"@id":"https:\/\/agriproafrica.net\/produit\/valtra-moissonneuse-batteuse\/#breadcrumb"},"inLanguage":"fr-FR","potentialAction":[{"@type":"ReadAction","target":["https:\/\/agriproafrica.net\/produit\/valtra-moissonneuse-batteuse\/"]}]},{"@type":"ImageObject","inLanguage":"fr-FR","@id":"https:\/\/agriproafrica.net\/produit\/valtra-moissonneuse-batteuse\/#primaryimage","url":"https:\/\/agriproafrica.net\/wp-content\/uploads\/2024\/08\/IMG_0034_100508.452.jpg","contentUrl":"https:\/\/agriproafrica.net\/wp-content\/uploads\/2024\/08\/IMG_0034_100508.452.jpg","width":800,"height":533},{"@type":"BreadcrumbList","@id":"https:\/\/agriproafrica.net\/produit\/valtra-moissonneuse-batteuse\/#breadcrumb","itemListElement":[{"@type":"ListItem","position":1,"name":"Accueil","item":"https:\/\/agriproafrica.net\/"},{"@type":"ListItem","position":2,"name":"Produits","item":"https:\/\/agriproafrica.net\/produits\/"},{"@type":"ListItem","position":3,"name":"Valtra &#8211; Moissonneuse batteuse"}]},{"@type":"WebSite","@id":"https:\/\/agriproafrica.net\/fr_fr\/#website","url":"https:\/\/agriproafrica.net\/fr_fr\/","name":"AGRIPRO","description":"","publisher":{"@id":"https:\/\/agriproafrica.net\/fr_fr\/#organization"},"potentialAction":[{"@type":"SearchAction","target":{"@type":"EntryPoint","urlTemplate":"https:\/\/agriproafrica.net\/fr_fr\/?s={search_term_string}"},"query-input":{"@type":"PropertyValueSpecification","valueRequired":true,"valueName":"search_term_string"}}],"inLanguage":"fr-FR"},{"@type":"Organization","@id":"https:\/\/agriproafrica.net\/fr_fr\/#organization","name":"AGRIPRO","url":"https:\/\/agriproafrica.net\/fr_fr\/","logo":{"@type":"ImageObject","inLanguage":"fr-FR","@id":"https:\/\/agriproafrica.net\/fr_fr\/#\/schema\/logo\/image\/","url":"https:\/\/agriproafrica.net\/wp-content\/uploads\/2024\/07\/Logo-agripro.png","contentUrl":"https:\/\/agriproafrica.net\/wp-content\/uploads\/2024\/07\/Logo-agripro.png","width":280,"height":144,"caption":"AGRIPRO"},"image":{"@id":"https:\/\/agriproafrica.net\/fr_fr\/#\/schema\/logo\/image\/"},"sameAs":["http:\/\/facebook.com\/AgriproAfrica","https:\/\/x.com\/Agripro_Africa"]}]}},"_links":{"self":[{"href":"https:\/\/agriproafrica.net\/fr_fr\/wp-json\/wp\/v2\/product\/1210","targetHints":{"allow":["GET"]}}],"collection":[{"href":"https:\/\/agriproafrica.net\/fr_fr\/wp-json\/wp\/v2\/product"}],"about":[{"href":"https:\/\/agriproafrica.net\/fr_fr\/wp-json\/wp\/v2\/types\/product"}],"wp:featuredmedia":[{"embeddable":true,"href":"https:\/\/agriproafrica.net\/fr_fr\/wp-json\/wp\/v2\/media\/1213"}],"wp:attachment":[{"href":"https:\/\/agriproafrica.net\/fr_fr\/wp-json\/wp\/v2\/media?parent=1210"}],"wp:term":[{"taxonomy":"product_brand","embeddable":true,"href":"https:\/\/agriproafrica.net\/fr_fr\/wp-json\/wp\/v2\/product_brand?post=1210"},{"taxonomy":"product_cat","embeddable":true,"href":"https:\/\/agriproafrica.net\/fr_fr\/wp-json\/wp\/v2\/product_cat?post=1210"},{"taxonomy":"product_tag","embeddable":true,"href":"https:\/\/agriproafrica.net\/fr_fr\/wp-json\/wp\/v2\/product_tag?post=1210"}],"curies":[{"name":"wp","href":"https:\/\/api.w.org\/{rel}","templated":true}]}}